{"id":1619,"date":"2010-11-25T13:48:08","date_gmt":"2010-11-25T11:48:08","guid":{"rendered":"http:\/\/pyrgoshouse.com\/?page_id=12"},"modified":"2026-01-20T18:54:17","modified_gmt":"2026-01-20T16:54:17","slug":"kythira","status":"publish","type":"page","link":"https:\/\/pyrgoshouse.com\/de\/kythira\/","title":{"rendered":"Kythira"},"content":{"rendered":"<p>Kythira liegt gleich s\u00fcdlich vom Peloponnes und geh\u00f6rt zur Ionischen Inselgruppe. Die griechische Mythologie besagt, dass Aphrodite auf dieser Insel geboren sei.\u00a0Von dieser G\u00f6ttin hat Kythira nicht nur ihre Sch\u00f6nheit und Zartheit, sondern auch ihre Rohheit. Typisch f\u00fcr die Insel sind die Einfachheit, die Echtheit und\u00a0die grosse Verschiedenheit an Natur und Landschaft.<\/p>\n<p>Die \u00fcberall gegenw\u00e4rtige Ruhe ist \u00fcberw\u00e4ltigend. Auf Kythira finden Sie keinen Massentourismus, so dass sogar im Sommer noch stille Str\u00e4nde zu entdecken sind. Beim Verweilen auf einem der vielen Dorfpl\u00e4tze, wo Sie einen Kaffee oder Ouzo geniessen k\u00f6nnen, spielt Zeit keine Rolle mehr. Wenn Sie sich darauf einlassen, hat Sie Kythira ganz und gar in den Griff bekommen.<\/p>\n<p>Auf Kythira befinden sich vierundsechzig D\u00f6rfer, welche durch ein gutes, vielf\u00e4ltiges Strassennetz miteinander verbunden sind. Aber am besten entdecken Sie diese Insel zu Fuss, denn zahlreiche Pfade, scheinbar verlassene D\u00f6rflein, beeindruckende Schluchten, verschiedenste Blumen, Kr\u00e4uter und\u00a0wild lebende\u00a0Geissen machen aus Kythira ein Paradies f\u00fcr Spazierg\u00e4nger und Wanderer. F\u00fcr mehr Informationen diesbez\u00fcglich k\u00f6nnen Sie unsere spezielle Aktivit\u00e4tenseite besuchen.<\/p>\n<p><strong>Kythira bietet Ihnen noch mehr:<\/strong><\/p>\n<ul>\n<li>die verlassene, verwunschene\u00a0fr\u00fchere Hauptstadt Paleochora<\/li>\n<li>die vielen wundervollen byzantinischen Kirchlein in Kato Chora<\/li>\n<li>das m\u00e4chtige, beeindruckende Kloster Agia Myrtidiotissa<\/li>\n<li>die vielen G\u00e4sslein mit \u00fcberraschenden Durchblicken im Hauptort Chora<\/li>\n<li>der Markt an jedem Sonntagmorgen in Potamos<\/li>\n<li>die\u00a0leeren Str\u00e4nde<\/li>\n<li>die m\u00e4rchenhaften Wasserf\u00e4lle und Wasserm\u00fchlen bei Mylopotamos<\/li>\n<li>die einladenden Terrassencaf\u00e9s und Restaurants in der Bucht vom Avlemonas oder Kapsali<\/li>\n<li>die gem\u00fctlichen Dorffeste im Juli, August und September<\/li>\n<li>unvergessliche Spazierg\u00e4nge, Wanderungen.<\/li>\n<\/ul>\n<p><\/p>","protected":false},"excerpt":{"rendered":"<p>Kythira liegt gleich s\u00fcdlich vom Peloponnes und geh\u00f6rt zur Ionischen Inselgruppe. Die griechische Mythologie besagt, dass Aphrodite auf dieser Insel geboren sei.\u00a0Von dieser G\u00f6ttin hat Kythira nicht nur ihre Sch\u00f6nheit und Zartheit, sondern auch ihre Rohheit. Typisch f\u00fcr die Insel sind die Einfachheit, die Echtheit und\u00a0die grosse Verschiedenheit an Natur<a href=\"https:\/\/pyrgoshouse.com\/de\/kythira\/\">[&#8230;]<\/a><\/p>\n","protected":false},"author":1,"featured_media":7655,"parent":0,"menu_order":30,"comment_status":"closed","ping_status":"closed","template":"template-fullwidth.php","meta":{"jetpack_post_was_ever_published":false,"footnotes":""},"class_list":["post-1619","page","type-page","status-publish","has-post-thumbnail","hentry"],"yoast_head":"<!-- This site is optimized with the Yoast SEO plugin v26.8 - https:\/\/yoast.com\/product\/yoast-seo-wordpress\/ -->\n<title>Kythira - Pyrgos House - Kythira Greece<\/title>\n<meta name=\"robots\" content=\"index, follow, max-snippet:-1, max-image-preview:large, max-video-preview:-1\" \/>\n<link rel=\"canonical\" href=\"https:\/\/pyrgoshouse.com\/de\/kythira\/\" \/>\n<meta property=\"og:locale\" content=\"de_DE\" \/>\n<meta property=\"og:type\" content=\"article\" \/>\n<meta property=\"og:title\" content=\"Kythira - Pyrgos House - Kythira Greece\" \/>\n<meta property=\"og:description\" content=\"Kythira liegt gleich s\u00fcdlich vom Peloponnes und geh\u00f6rt zur Ionischen Inselgruppe. Die griechische Mythologie besagt, dass Aphrodite auf dieser Insel geboren sei.\u00a0Von dieser G\u00f6ttin hat Kythira nicht nur ihre Sch\u00f6nheit und Zartheit, sondern auch ihre Rohheit. Typisch f\u00fcr die Insel sind die Einfachheit, die Echtheit und\u00a0die grosse Verschiedenheit an Natur[...]\" \/>\n<meta property=\"og:url\" content=\"https:\/\/pyrgoshouse.com\/de\/kythira\/\" \/>\n<meta property=\"og:site_name\" content=\"Pyrgos House - Kythira Greece\" \/>\n<meta property=\"article:publisher\" content=\"https:\/\/www.facebook.com\/pyrgoshouse\/\" \/>\n<meta property=\"article:modified_time\" content=\"2026-01-20T16:54:17+00:00\" \/>\n<meta property=\"og:image\" content=\"https:\/\/pyrgoshouse.com\/wp-content\/uploads\/2026\/01\/stemajourneys-kithira-chora-kithirwn-fb-site-63.jpg\" \/>\n\t<meta property=\"og:image:width\" content=\"2048\" \/>\n\t<meta property=\"og:image:height\" content=\"1365\" \/>\n\t<meta property=\"og:image:type\" content=\"image\/jpeg\" \/>\n<meta name=\"twitter:card\" content=\"summary_large_image\" \/>\n<meta name=\"twitter:site\" content=\"@pyrgoshouse\" \/>\n<meta name=\"twitter:label1\" content=\"Gesch\u00e4tzte Lesezeit\" \/>\n\t<meta name=\"twitter:data1\" content=\"2\u00a0Minuten\" \/>\n<script type=\"application\/ld+json\" class=\"yoast-schema-graph\">{\"@context\":\"https:\/\/schema.org\",\"@graph\":[{\"@type\":\"WebPage\",\"@id\":\"https:\/\/pyrgoshouse.com\/de\/kythira\/\",\"url\":\"https:\/\/pyrgoshouse.com\/de\/kythira\/\",\"name\":\"Kythira - Pyrgos House - Kythira Greece\",\"isPartOf\":{\"@id\":\"https:\/\/pyrgoshouse.com\/de\/#website\"},\"primaryImageOfPage\":{\"@id\":\"https:\/\/pyrgoshouse.com\/de\/kythira\/#primaryimage\"},\"image\":{\"@id\":\"https:\/\/pyrgoshouse.com\/kythira\/#primaryimage\"},\"thumbnailUrl\":\"https:\/\/i0.wp.com\/pyrgoshouse.com\/wp-content\/uploads\/2026\/01\/stemajourneys-kithira-chora-kithirwn-fb-site-63.jpg?fit=2048%2C1365&ssl=1\",\"datePublished\":\"2010-11-25T11:48:08+00:00\",\"dateModified\":\"2026-01-20T16:54:17+00:00\",\"breadcrumb\":{\"@id\":\"https:\/\/pyrgoshouse.com\/de\/kythira\/#breadcrumb\"},\"inLanguage\":\"de\",\"potentialAction\":[{\"@type\":\"ReadAction\",\"target\":[[\"https:\/\/pyrgoshouse.com\/de\/kythira\/\"]]}]},{\"@type\":\"ImageObject\",\"inLanguage\":\"de\",\"@id\":\"https:\/\/pyrgoshouse.com\/de\/kythira\/#primaryimage\",\"url\":\"https:\/\/i0.wp.com\/pyrgoshouse.com\/wp-content\/uploads\/2026\/01\/stemajourneys-kithira-chora-kithirwn-fb-site-63.jpg?fit=2048%2C1365&ssl=1\",\"contentUrl\":\"https:\/\/i0.wp.com\/pyrgoshouse.com\/wp-content\/uploads\/2026\/01\/stemajourneys-kithira-chora-kithirwn-fb-site-63.jpg?fit=2048%2C1365&ssl=1\",\"width\":2048,\"height\":1365,\"caption\":\"Pyrgos House Kythira\"},{\"@type\":\"BreadcrumbList\",\"@id\":\"https:\/\/pyrgoshouse.com\/de\/kythira\/#breadcrumb\",\"itemListElement\":[{\"@type\":\"ListItem\",\"position\":1,\"name\":\"Home\",\"item\":\"https:\/\/pyrgoshouse.com\/de\/\"},{\"@type\":\"ListItem\",\"position\":2,\"name\":\"Kythira\"}]},{\"@type\":\"WebSite\",\"@id\":\"https:\/\/pyrgoshouse.com\/de\/#website\",\"url\":\"https:\/\/pyrgoshouse.com\/de\/\",\"name\":\"Pyrgos House - Kythira Greece\",\"description\":\"Kythera Greece\",\"potentialAction\":[{\"@type\":\"SearchAction\",\"target\":{\"@type\":\"EntryPoint\",\"urlTemplate\":\"https:\/\/pyrgoshouse.com\/de\/?s={search_term_string}\"},\"query-input\":{\"@type\":\"PropertyValueSpecification\",\"valueRequired\":true,\"valueName\":\"search_term_string\"}}],\"inLanguage\":\"de\"}]}<\/script>\n<!-- \/ Yoast SEO plugin. -->","yoast_head_json":{"title":"Kythira - Pyrgos House - Kythira Greece","robots":{"index":"index","follow":"follow","max-snippet":"max-snippet:-1","max-image-preview":"max-image-preview:large","max-video-preview":"max-video-preview:-1"},"canonical":"https:\/\/pyrgoshouse.com\/de\/kythira\/","og_locale":"de_DE","og_type":"article","og_title":"Kythira - Pyrgos House - Kythira Greece","og_description":"Kythira liegt gleich s\u00fcdlich vom Peloponnes und geh\u00f6rt zur Ionischen Inselgruppe. Die griechische Mythologie besagt, dass Aphrodite auf dieser Insel geboren sei.\u00a0Von dieser G\u00f6ttin hat Kythira nicht nur ihre Sch\u00f6nheit und Zartheit, sondern auch ihre Rohheit. Typisch f\u00fcr die Insel sind die Einfachheit, die Echtheit und\u00a0die grosse Verschiedenheit an Natur[...]","og_url":"https:\/\/pyrgoshouse.com\/de\/kythira\/","og_site_name":"Pyrgos House - Kythira Greece","article_publisher":"https:\/\/www.facebook.com\/pyrgoshouse\/","article_modified_time":"2026-01-20T16:54:17+00:00","og_image":[{"width":2048,"height":1365,"url":"https:\/\/pyrgoshouse.com\/wp-content\/uploads\/2026\/01\/stemajourneys-kithira-chora-kithirwn-fb-site-63.jpg","type":"image\/jpeg"}],"twitter_card":"summary_large_image","twitter_site":"@pyrgoshouse","twitter_misc":{"Gesch\u00e4tzte Lesezeit":"2\u00a0Minuten"},"schema":{"@context":"https:\/\/schema.org","@graph":[{"@type":"WebPage","@id":"https:\/\/pyrgoshouse.com\/de\/kythira\/","url":"https:\/\/pyrgoshouse.com\/de\/kythira\/","name":"Kythira - Pyrgos House - Kythira Greece","isPartOf":{"@id":"https:\/\/pyrgoshouse.com\/de\/#website"},"primaryImageOfPage":{"@id":"https:\/\/pyrgoshouse.com\/de\/kythira\/#primaryimage"},"image":{"@id":"https:\/\/pyrgoshouse.com\/kythira\/#primaryimage"},"thumbnailUrl":"https:\/\/i0.wp.com\/pyrgoshouse.com\/wp-content\/uploads\/2026\/01\/stemajourneys-kithira-chora-kithirwn-fb-site-63.jpg?fit=2048%2C1365&ssl=1","datePublished":"2010-11-25T11:48:08+00:00","dateModified":"2026-01-20T16:54:17+00:00","breadcrumb":{"@id":"https:\/\/pyrgoshouse.com\/de\/kythira\/#breadcrumb"},"inLanguage":"de","potentialAction":[{"@type":"ReadAction","target":[["https:\/\/pyrgoshouse.com\/de\/kythira\/"]]}]},{"@type":"ImageObject","inLanguage":"de","@id":"https:\/\/pyrgoshouse.com\/de\/kythira\/#primaryimage","url":"https:\/\/i0.wp.com\/pyrgoshouse.com\/wp-content\/uploads\/2026\/01\/stemajourneys-kithira-chora-kithirwn-fb-site-63.jpg?fit=2048%2C1365&ssl=1","contentUrl":"https:\/\/i0.wp.com\/pyrgoshouse.com\/wp-content\/uploads\/2026\/01\/stemajourneys-kithira-chora-kithirwn-fb-site-63.jpg?fit=2048%2C1365&ssl=1","width":2048,"height":1365,"caption":"Pyrgos House Kythira"},{"@type":"BreadcrumbList","@id":"https:\/\/pyrgoshouse.com\/de\/kythira\/#breadcrumb","itemListElement":[{"@type":"ListItem","position":1,"name":"Home","item":"https:\/\/pyrgoshouse.com\/de\/"},{"@type":"ListItem","position":2,"name":"Kythira"}]},{"@type":"WebSite","@id":"https:\/\/pyrgoshouse.com\/de\/#website","url":"https:\/\/pyrgoshouse.com\/de\/","name":"Pyrgos House - Kythira Greece","description":"Kythera Greece","potentialAction":[{"@type":"SearchAction","target":{"@type":"EntryPoint","urlTemplate":"https:\/\/pyrgoshouse.com\/de\/?s={search_term_string}"},"query-input":{"@type":"PropertyValueSpecification","valueRequired":true,"valueName":"search_term_string"}}],"inLanguage":"de"}]}},"jetpack_sharing_enabled":true,"_links":{"self":[{"href":"https:\/\/pyrgoshouse.com\/de\/wp-json\/wp\/v2\/pages\/1619","targetHints":{"allow":["GET"]}}],"collection":[{"href":"https:\/\/pyrgoshouse.com\/de\/wp-json\/wp\/v2\/pages"}],"about":[{"href":"https:\/\/pyrgoshouse.com\/de\/wp-json\/wp\/v2\/types\/page"}],"author":[{"embeddable":true,"href":"https:\/\/pyrgoshouse.com\/de\/wp-json\/wp\/v2\/users\/1"}],"replies":[{"embeddable":true,"href":"https:\/\/pyrgoshouse.com\/de\/wp-json\/wp\/v2\/comments?post=1619"}],"version-history":[{"count":8,"href":"https:\/\/pyrgoshouse.com\/de\/wp-json\/wp\/v2\/pages\/1619\/revisions"}],"predecessor-version":[{"id":7457,"href":"https:\/\/pyrgoshouse.com\/de\/wp-json\/wp\/v2\/pages\/1619\/revisions\/7457"}],"wp:featuredmedia":[{"embeddable":true,"href":"https:\/\/pyrgoshouse.com\/de\/wp-json\/wp\/v2\/media\/7655"}],"wp:attachment":[{"href":"https:\/\/pyrgoshouse.com\/de\/wp-json\/wp\/v2\/media?parent=1619"}],"curies":[{"name":"wp","href":"https:\/\/api.w.org\/{rel}","templated":true}]}}