{"id":1620,"date":"2010-11-25T13:54:06","date_gmt":"2010-11-25T11:54:06","guid":{"rendered":"http:\/\/pyrgoshouse.com\/?page_id=14"},"modified":"2025-06-10T16:58:59","modified_gmt":"2025-06-10T14:58:59","slug":"activities","status":"publish","type":"page","link":"https:\/\/pyrgoshouse.com\/de\/aktivitaten\/","title":{"rendered":"Aktivit\u00e4ten"},"content":{"rendered":"<p>Kythira eignet sich ganz besonders f\u00fcrs Wandern. Sowohl das ausgedehnte Netzwerk von Wanderpfaden als auch die viele D\u00f6rfer erm\u00f6glichen zahllose \u00fcberraschende Wanderungen.<\/p>\n<p>Klicken Sie auf die unten stehenden Links oder\u00a0auf\u00a0das oben stehende Menue f\u00fcr ausf\u00fchrliche Information \u00fcber das Wanderbuch &#8218;Kythira zu Fuss entdecken&#8216;\u00a0oder die Wanderferien von Pyrgos House.<\/p>\n<p><a title=\"Kythira zu Fuss entdecken\" href=\"http:\/\/pyrgoshouse.com\/?page_id=880&amp;lang=de\">Kythira zu Fuss entdecken<\/a><\/p>\n<p><a title=\"Die Kythira Wandertour\" href=\"http:\/\/pyrgoshouse.com\/?page_id=731&amp;lang=de\">Die Kythira Wandertour<\/a><\/p>\n<p><a title=\"N\u00f6rdliche Tour - S\u00fcdliche Tour\" href=\"http:\/\/pyrgoshouse.com\/?page_id=1142&amp;lang=de\">N\u00f6rdliche Tour &#8211; S\u00fcdliche Tour<\/a><\/p>\n<p><a title=\"Canyoning\" href=\"http:\/\/pyrgoshouse.com\/de\/wandelen-op-kythira\/canyoning\">Canyoning<\/a><\/p>\n<p><a title=\"Unterwegs mit Frank\" href=\"http:\/\/pyrgoshouse.com\/de\/wandelen-op-kythira\/op-pad-met-frank\/\">Unterwegs mit Frank<\/a><\/p>\n<p><a title=\"Gruppenwanderferien\" href=\"http:\/\/pyrgoshouse.com\/de\/wandelen-op-kythira\/groepswandelvakanties\/\">Gruppenwanderferien<\/a><\/p>\n<p><a title=\"R\u00fcckmeldungen von Wanderern\" href=\"http:\/\/pyrgoshouse.com\/de\/wandelen-op-kythira\/reacties-van-trektochters\/\">R\u00fcckmeldungen von Wanderern<\/a><\/p>","protected":false},"excerpt":{"rendered":"<p>Kythira eignet sich ganz besonders f\u00fcrs Wandern. Sowohl das ausgedehnte Netzwerk von Wanderpfaden als auch die viele D\u00f6rfer erm\u00f6glichen zahllose \u00fcberraschende Wanderungen. Klicken Sie auf die unten stehenden Links oder\u00a0auf\u00a0das oben stehende Menue f\u00fcr ausf\u00fchrliche Information \u00fcber das Wanderbuch &#8218;Kythira zu Fuss entdecken&#8216;\u00a0oder die Wanderferien von Pyrgos House. Kythira zu<a href=\"https:\/\/pyrgoshouse.com\/de\/aktivitaten\/\">[&#8230;]<\/a><\/p>\n","protected":false},"author":1,"featured_media":4723,"parent":0,"menu_order":50,"comment_status":"closed","ping_status":"closed","template":"template-attractions-listing-3col.php","meta":{"jetpack_post_was_ever_published":false,"footnotes":""},"class_list":["post-1620","page","type-page","status-publish","has-post-thumbnail","hentry"],"yoast_head":"<!-- This site is optimized with the Yoast SEO plugin v26.8 - https:\/\/yoast.com\/product\/yoast-seo-wordpress\/ -->\n<title>Aktivit\u00e4ten  - Pyrgos House - Kythira Greece<\/title>\n<meta name=\"description\" content=\"(English) English...\" \/>\n<meta name=\"robots\" content=\"index, follow, max-snippet:-1, max-image-preview:large, max-video-preview:-1\" \/>\n<link rel=\"canonical\" href=\"https:\/\/pyrgoshouse.com\/de\/activities\/\" \/>\n<meta property=\"og:locale\" content=\"de_DE\" \/>\n<meta property=\"og:type\" content=\"article\" \/>\n<meta property=\"og:title\" content=\"Aktivit\u00e4ten  - Pyrgos House - Kythira Greece\" \/>\n<meta property=\"og:description\" content=\"(English) English...\" \/>\n<meta property=\"og:url\" content=\"https:\/\/pyrgoshouse.com\/de\/activities\/\" \/>\n<meta property=\"og:site_name\" content=\"Pyrgos House - Kythira Greece\" \/>\n<meta property=\"article:publisher\" content=\"https:\/\/www.facebook.com\/pyrgoshouse\/\" \/>\n<meta property=\"article:modified_time\" content=\"2025-06-10T14:58:59+00:00\" \/>\n<meta property=\"og:image\" content=\"https:\/\/pyrgoshouse.com\/wp-content\/uploads\/2016\/01\/kythira-canyon_010.jpg\" \/>\n\t<meta property=\"og:image:width\" content=\"1024\" \/>\n\t<meta property=\"og:image:height\" content=\"574\" \/>\n\t<meta property=\"og:image:type\" content=\"image\/jpeg\" \/>\n<meta name=\"twitter:card\" content=\"summary_large_image\" \/>\n<meta name=\"twitter:site\" content=\"@pyrgoshouse\" \/>\n<meta name=\"twitter:label1\" content=\"Gesch\u00e4tzte Lesezeit\" \/>\n\t<meta name=\"twitter:data1\" content=\"2\u00a0Minuten\" \/>\n<script type=\"application\/ld+json\" class=\"yoast-schema-graph\">{\"@context\":\"https:\/\/schema.org\",\"@graph\":[{\"@type\":\"WebPage\",\"@id\":\"https:\/\/pyrgoshouse.com\/de\/activities\/\",\"url\":\"https:\/\/pyrgoshouse.com\/de\/activities\/\",\"name\":\"Aktivit\u00e4ten  - Pyrgos House - Kythira Greece\",\"isPartOf\":{\"@id\":\"https:\/\/pyrgoshouse.com\/de\/#website\"},\"primaryImageOfPage\":{\"@id\":\"https:\/\/pyrgoshouse.com\/de\/activities\/#primaryimage\"},\"image\":{\"@id\":\"https:\/\/pyrgoshouse.com\/activities\/#primaryimage\"},\"thumbnailUrl\":\"https:\/\/i0.wp.com\/pyrgoshouse.com\/wp-content\/uploads\/2016\/01\/kythira-canyon_010.jpg?fit=1024%2C574&ssl=1\",\"datePublished\":\"2010-11-25T11:54:06+00:00\",\"dateModified\":\"2025-06-10T14:58:59+00:00\",\"description\":\"(English) English...\",\"breadcrumb\":{\"@id\":\"https:\/\/pyrgoshouse.com\/de\/activities\/#breadcrumb\"},\"inLanguage\":\"de\",\"potentialAction\":[{\"@type\":\"ReadAction\",\"target\":[[\"https:\/\/pyrgoshouse.com\/de\/activities\/\"]]}]},{\"@type\":\"ImageObject\",\"inLanguage\":\"de\",\"@id\":\"https:\/\/pyrgoshouse.com\/de\/activities\/#primaryimage\",\"url\":\"https:\/\/i0.wp.com\/pyrgoshouse.com\/wp-content\/uploads\/2016\/01\/kythira-canyon_010.jpg?fit=1024%2C574&ssl=1\",\"contentUrl\":\"https:\/\/i0.wp.com\/pyrgoshouse.com\/wp-content\/uploads\/2016\/01\/kythira-canyon_010.jpg?fit=1024%2C574&ssl=1\",\"width\":1024,\"height\":574},{\"@type\":\"BreadcrumbList\",\"@id\":\"https:\/\/pyrgoshouse.com\/de\/activities\/#breadcrumb\",\"itemListElement\":[{\"@type\":\"ListItem\",\"position\":1,\"name\":\"Home\",\"item\":\"https:\/\/pyrgoshouse.com\/de\/\"},{\"@type\":\"ListItem\",\"position\":2,\"name\":\"Activities\"}]},{\"@type\":\"WebSite\",\"@id\":\"https:\/\/pyrgoshouse.com\/de\/#website\",\"url\":\"https:\/\/pyrgoshouse.com\/de\/\",\"name\":\"Pyrgos House - Kythira Greece\",\"description\":\"Kythera Greece\",\"potentialAction\":[{\"@type\":\"SearchAction\",\"target\":{\"@type\":\"EntryPoint\",\"urlTemplate\":\"https:\/\/pyrgoshouse.com\/de\/?s={search_term_string}\"},\"query-input\":{\"@type\":\"PropertyValueSpecification\",\"valueRequired\":true,\"valueName\":\"search_term_string\"}}],\"inLanguage\":\"de\"}]}<\/script>\n<!-- \/ Yoast SEO plugin. -->","yoast_head_json":{"title":"Aktivit\u00e4ten  - Pyrgos House - Kythira Greece","description":"(English) English...","robots":{"index":"index","follow":"follow","max-snippet":"max-snippet:-1","max-image-preview":"max-image-preview:large","max-video-preview":"max-video-preview:-1"},"canonical":"https:\/\/pyrgoshouse.com\/de\/activities\/","og_locale":"de_DE","og_type":"article","og_title":"Aktivit\u00e4ten  - Pyrgos House - Kythira Greece","og_description":"(English) English...","og_url":"https:\/\/pyrgoshouse.com\/de\/activities\/","og_site_name":"Pyrgos House - Kythira Greece","article_publisher":"https:\/\/www.facebook.com\/pyrgoshouse\/","article_modified_time":"2025-06-10T14:58:59+00:00","og_image":[{"width":1024,"height":574,"url":"https:\/\/pyrgoshouse.com\/wp-content\/uploads\/2016\/01\/kythira-canyon_010.jpg","type":"image\/jpeg"}],"twitter_card":"summary_large_image","twitter_site":"@pyrgoshouse","twitter_misc":{"Gesch\u00e4tzte Lesezeit":"2\u00a0Minuten"},"schema":{"@context":"https:\/\/schema.org","@graph":[{"@type":"WebPage","@id":"https:\/\/pyrgoshouse.com\/de\/activities\/","url":"https:\/\/pyrgoshouse.com\/de\/activities\/","name":"Aktivit\u00e4ten  - Pyrgos House - Kythira Greece","isPartOf":{"@id":"https:\/\/pyrgoshouse.com\/de\/#website"},"primaryImageOfPage":{"@id":"https:\/\/pyrgoshouse.com\/de\/activities\/#primaryimage"},"image":{"@id":"https:\/\/pyrgoshouse.com\/activities\/#primaryimage"},"thumbnailUrl":"https:\/\/i0.wp.com\/pyrgoshouse.com\/wp-content\/uploads\/2016\/01\/kythira-canyon_010.jpg?fit=1024%2C574&ssl=1","datePublished":"2010-11-25T11:54:06+00:00","dateModified":"2025-06-10T14:58:59+00:00","description":"(English) English...","breadcrumb":{"@id":"https:\/\/pyrgoshouse.com\/de\/activities\/#breadcrumb"},"inLanguage":"de","potentialAction":[{"@type":"ReadAction","target":[["https:\/\/pyrgoshouse.com\/de\/activities\/"]]}]},{"@type":"ImageObject","inLanguage":"de","@id":"https:\/\/pyrgoshouse.com\/de\/activities\/#primaryimage","url":"https:\/\/i0.wp.com\/pyrgoshouse.com\/wp-content\/uploads\/2016\/01\/kythira-canyon_010.jpg?fit=1024%2C574&ssl=1","contentUrl":"https:\/\/i0.wp.com\/pyrgoshouse.com\/wp-content\/uploads\/2016\/01\/kythira-canyon_010.jpg?fit=1024%2C574&ssl=1","width":1024,"height":574},{"@type":"BreadcrumbList","@id":"https:\/\/pyrgoshouse.com\/de\/activities\/#breadcrumb","itemListElement":[{"@type":"ListItem","position":1,"name":"Home","item":"https:\/\/pyrgoshouse.com\/de\/"},{"@type":"ListItem","position":2,"name":"Activities"}]},{"@type":"WebSite","@id":"https:\/\/pyrgoshouse.com\/de\/#website","url":"https:\/\/pyrgoshouse.com\/de\/","name":"Pyrgos House - Kythira Greece","description":"Kythera Greece","potentialAction":[{"@type":"SearchAction","target":{"@type":"EntryPoint","urlTemplate":"https:\/\/pyrgoshouse.com\/de\/?s={search_term_string}"},"query-input":{"@type":"PropertyValueSpecification","valueRequired":true,"valueName":"search_term_string"}}],"inLanguage":"de"}]}},"jetpack_sharing_enabled":true,"_links":{"self":[{"href":"https:\/\/pyrgoshouse.com\/de\/wp-json\/wp\/v2\/pages\/1620","targetHints":{"allow":["GET"]}}],"collection":[{"href":"https:\/\/pyrgoshouse.com\/de\/wp-json\/wp\/v2\/pages"}],"about":[{"href":"https:\/\/pyrgoshouse.com\/de\/wp-json\/wp\/v2\/types\/page"}],"author":[{"embeddable":true,"href":"https:\/\/pyrgoshouse.com\/de\/wp-json\/wp\/v2\/users\/1"}],"replies":[{"embeddable":true,"href":"https:\/\/pyrgoshouse.com\/de\/wp-json\/wp\/v2\/comments?post=1620"}],"version-history":[{"count":4,"href":"https:\/\/pyrgoshouse.com\/de\/wp-json\/wp\/v2\/pages\/1620\/revisions"}],"predecessor-version":[{"id":5279,"href":"https:\/\/pyrgoshouse.com\/de\/wp-json\/wp\/v2\/pages\/1620\/revisions\/5279"}],"wp:featuredmedia":[{"embeddable":true,"href":"https:\/\/pyrgoshouse.com\/de\/wp-json\/wp\/v2\/media\/4723"}],"wp:attachment":[{"href":"https:\/\/pyrgoshouse.com\/de\/wp-json\/wp\/v2\/media?parent=1620"}],"curies":[{"name":"wp","href":"https:\/\/api.w.org\/{rel}","templated":true}]}}