{"id":1621,"date":"2010-11-25T14:06:21","date_gmt":"2010-11-25T12:06:21","guid":{"rendered":"http:\/\/pyrgoshouse.com\/?page_id=16"},"modified":"2025-06-10T16:59:06","modified_gmt":"2025-06-10T14:59:06","slug":"contact","status":"publish","type":"page","link":"https:\/\/pyrgoshouse.com\/de\/kontakt\/","title":{"rendered":"Kontakt"},"content":{"rendered":"<p>Wenn Sie mehr Informationen \u00fcber Pyrgos House, \u00fcber die anderen Ferienh\u00e4user oder die Wanderm\u00f6glichkeiten und\u00a0Exkursionen\u00a0erhalten wollen,\u00a0so f\u00fcllen Sie bitte\u00a0folgendes Formular aus. Danach kontaktieren wir Sie.<\/p>\n\n<div class=\"wpcf7 no-js\" id=\"wpcf7-f2072-o3\" lang=\"de-DE\" dir=\"ltr\" data-wpcf7-id=\"2072\">\n<div class=\"screen-reader-response\"><p role=\"status\" aria-live=\"polite\" aria-atomic=\"true\"><\/p> <ul><\/ul><\/div>\n<form action=\"\/de\/wp-json\/wp\/v2\/pages\/1621#wpcf7-f2072-o3\" method=\"post\" class=\"wpcf7-form init\" aria-label=\"Kontaktformular\" novalidate=\"novalidate\" data-status=\"init\">\n<fieldset class=\"hidden-fields-container\"><input type=\"hidden\" name=\"_wpcf7\" value=\"2072\" \/><input type=\"hidden\" name=\"_wpcf7_version\" value=\"6.1.4\" \/><input type=\"hidden\" name=\"_wpcf7_locale\" value=\"de_DE\" \/><input type=\"hidden\" name=\"_wpcf7_unit_tag\" value=\"wpcf7-f2072-o3\" \/><input type=\"hidden\" name=\"_wpcf7_container_post\" value=\"0\" \/><input type=\"hidden\" name=\"_wpcf7_posted_data_hash\" value=\"\" \/><input type=\"hidden\" name=\"_wpcf7_recaptcha_response\" value=\"\" \/>\n<\/fieldset>\n<p>Ihr Name (Pflichtfeld)\n<\/p>\n<p><span class=\"wpcf7-form-control-wrap\" data-name=\"your-name\"><input size=\"40\" maxlength=\"400\" class=\"wpcf7-form-control wpcf7-text wpcf7-validates-as-required\" aria-required=\"true\" aria-invalid=\"false\" value=\"\" type=\"text\" name=\"your-name\" \/><\/span>\n<\/p>\n<p>Ihre E-Mail-Adresse (Pflichtfeld)\n<\/p>\n<p><span class=\"wpcf7-form-control-wrap\" data-name=\"your-email\"><input size=\"40\" maxlength=\"400\" class=\"wpcf7-form-control wpcf7-email wpcf7-validates-as-required wpcf7-text wpcf7-validates-as-email\" aria-required=\"true\" aria-invalid=\"false\" value=\"\" type=\"email\" name=\"your-email\" \/><\/span>\n<\/p>\n<p>Ihr Mobile Telefon (Pflichtfeld)\n<\/p>\n<p><span class=\"wpcf7-form-control-wrap\" data-name=\"your-phone\"><input size=\"40\" maxlength=\"400\" class=\"wpcf7-form-control wpcf7-text wpcf7-validates-as-required\" aria-required=\"true\" aria-invalid=\"false\" value=\"\" type=\"text\" name=\"your-phone\" \/><\/span>\n<\/p>\n<p>Land\n<\/p>\n<p><span class=\"wpcf7-form-control-wrap\" data-name=\"text-631\"><input size=\"40\" maxlength=\"400\" class=\"wpcf7-form-control wpcf7-text\" aria-invalid=\"false\" value=\"\" type=\"text\" name=\"text-631\" \/><\/span>\n<\/p>\n<p>Betreff\n<\/p>\n<p><span class=\"wpcf7-form-control-wrap\" data-name=\"your-subject\"><input size=\"40\" maxlength=\"400\" class=\"wpcf7-form-control wpcf7-text\" aria-invalid=\"false\" value=\"\" type=\"text\" name=\"your-subject\" \/><\/span>\n<\/p>\n<p>Ihre Nachricht\n<\/p>\n<p><span class=\"wpcf7-form-control-wrap\" data-name=\"your-message\"><textarea cols=\"40\" rows=\"10\" maxlength=\"2000\" class=\"wpcf7-form-control wpcf7-textarea\" aria-invalid=\"false\" name=\"your-message\"><\/textarea><\/span>\n<\/p>\n<p>\n\n<\/p>\n<p><input class=\"wpcf7-form-control wpcf7-submit has-spinner\" type=\"submit\" value=\"Senden\" \/>\n<\/p><div class=\"wpcf7-response-output\" aria-hidden=\"true\"><\/div>\n<\/form>\n<\/div>\n\n<p><iframe loading=\"lazy\" src=\"https:\/\/mapsengine.google.com\/map\/embed?mid=zEQocGdWwI5U.kkSlvqnR9ylw&amp;z=11\" width=\"1140\" height=\"560\"><\/iframe><\/p>\n<h2><\/h2>\n<p><\/p>","protected":false},"excerpt":{"rendered":"<p>Wenn Sie mehr Informationen \u00fcber Pyrgos House, \u00fcber die anderen Ferienh\u00e4user oder die Wanderm\u00f6glichkeiten und\u00a0Exkursionen\u00a0erhalten wollen,\u00a0so f\u00fcllen Sie bitte\u00a0folgendes Formular aus. Danach kontaktieren wir Sie.<\/p>\n","protected":false},"author":1,"featured_media":4947,"parent":0,"menu_order":100,"comment_status":"closed","ping_status":"closed","template":"template-contact.php","meta":{"jetpack_post_was_ever_published":false,"footnotes":""},"class_list":["post-1621","page","type-page","status-publish","has-post-thumbnail","hentry"],"yoast_head":"<!-- This site is optimized with the Yoast SEO plugin v26.8 - https:\/\/yoast.com\/product\/yoast-seo-wordpress\/ -->\n<title>Kontakt - Pyrgos House - Kythira Greece<\/title>\n<meta name=\"robots\" content=\"index, follow, max-snippet:-1, max-image-preview:large, max-video-preview:-1\" \/>\n<link rel=\"canonical\" href=\"https:\/\/pyrgoshouse.com\/de\/contact\/\" \/>\n<meta property=\"og:locale\" content=\"de_DE\" \/>\n<meta property=\"og:type\" content=\"article\" \/>\n<meta property=\"og:title\" content=\"Kontakt - Pyrgos House - Kythira Greece\" \/>\n<meta property=\"og:description\" content=\"Wenn Sie mehr Informationen \u00fcber Pyrgos House, \u00fcber die anderen Ferienh\u00e4user oder die Wanderm\u00f6glichkeiten und\u00a0Exkursionen\u00a0erhalten wollen,\u00a0so f\u00fcllen Sie bitte\u00a0folgendes Formular aus. Danach kontaktieren wir Sie.\" \/>\n<meta property=\"og:url\" content=\"https:\/\/pyrgoshouse.com\/de\/contact\/\" \/>\n<meta property=\"og:site_name\" content=\"Pyrgos House - Kythira Greece\" \/>\n<meta property=\"article:publisher\" content=\"https:\/\/www.facebook.com\/pyrgoshouse\/\" \/>\n<meta property=\"article:modified_time\" content=\"2025-06-10T14:59:06+00:00\" \/>\n<meta property=\"og:image\" content=\"https:\/\/pyrgoshouse.com\/wp-content\/uploads\/2016\/06\/south.jpg\" \/>\n\t<meta property=\"og:image:width\" content=\"1200\" \/>\n\t<meta property=\"og:image:height\" content=\"799\" \/>\n\t<meta property=\"og:image:type\" content=\"image\/jpeg\" \/>\n<meta name=\"twitter:card\" content=\"summary_large_image\" \/>\n<meta name=\"twitter:site\" content=\"@pyrgoshouse\" \/>\n<meta name=\"twitter:label1\" content=\"Gesch\u00e4tzte Lesezeit\" \/>\n\t<meta name=\"twitter:data1\" content=\"1\u00a0Minute\" \/>\n<script type=\"application\/ld+json\" class=\"yoast-schema-graph\">{\"@context\":\"https:\/\/schema.org\",\"@graph\":[{\"@type\":\"WebPage\",\"@id\":\"https:\/\/pyrgoshouse.com\/de\/contact\/\",\"url\":\"https:\/\/pyrgoshouse.com\/de\/contact\/\",\"name\":\"Kontakt - Pyrgos House - Kythira Greece\",\"isPartOf\":{\"@id\":\"https:\/\/pyrgoshouse.com\/de\/#website\"},\"primaryImageOfPage\":{\"@id\":\"https:\/\/pyrgoshouse.com\/de\/contact\/#primaryimage\"},\"image\":{\"@id\":\"https:\/\/pyrgoshouse.com\/contact\/#primaryimage\"},\"thumbnailUrl\":\"https:\/\/i0.wp.com\/pyrgoshouse.com\/wp-content\/uploads\/2016\/06\/south.jpg?fit=1200%2C799&ssl=1\",\"datePublished\":\"2010-11-25T12:06:21+00:00\",\"dateModified\":\"2025-06-10T14:59:06+00:00\",\"breadcrumb\":{\"@id\":\"https:\/\/pyrgoshouse.com\/de\/contact\/#breadcrumb\"},\"inLanguage\":\"de\",\"potentialAction\":[{\"@type\":\"ReadAction\",\"target\":[[\"https:\/\/pyrgoshouse.com\/de\/contact\/\"]]}]},{\"@type\":\"ImageObject\",\"inLanguage\":\"de\",\"@id\":\"https:\/\/pyrgoshouse.com\/de\/contact\/#primaryimage\",\"url\":\"https:\/\/i0.wp.com\/pyrgoshouse.com\/wp-content\/uploads\/2016\/06\/south.jpg?fit=1200%2C799&ssl=1\",\"contentUrl\":\"https:\/\/i0.wp.com\/pyrgoshouse.com\/wp-content\/uploads\/2016\/06\/south.jpg?fit=1200%2C799&ssl=1\",\"width\":1200,\"height\":799},{\"@type\":\"BreadcrumbList\",\"@id\":\"https:\/\/pyrgoshouse.com\/de\/contact\/#breadcrumb\",\"itemListElement\":[{\"@type\":\"ListItem\",\"position\":1,\"name\":\"Home\",\"item\":\"https:\/\/pyrgoshouse.com\/de\/\"},{\"@type\":\"ListItem\",\"position\":2,\"name\":\"Contact\"}]},{\"@type\":\"WebSite\",\"@id\":\"https:\/\/pyrgoshouse.com\/de\/#website\",\"url\":\"https:\/\/pyrgoshouse.com\/de\/\",\"name\":\"Pyrgos House - Kythira Greece\",\"description\":\"Kythera Greece\",\"potentialAction\":[{\"@type\":\"SearchAction\",\"target\":{\"@type\":\"EntryPoint\",\"urlTemplate\":\"https:\/\/pyrgoshouse.com\/de\/?s={search_term_string}\"},\"query-input\":{\"@type\":\"PropertyValueSpecification\",\"valueRequired\":true,\"valueName\":\"search_term_string\"}}],\"inLanguage\":\"de\"}]}<\/script>\n<!-- \/ Yoast SEO plugin. -->","yoast_head_json":{"title":"Kontakt - Pyrgos House - Kythira Greece","robots":{"index":"index","follow":"follow","max-snippet":"max-snippet:-1","max-image-preview":"max-image-preview:large","max-video-preview":"max-video-preview:-1"},"canonical":"https:\/\/pyrgoshouse.com\/de\/contact\/","og_locale":"de_DE","og_type":"article","og_title":"Kontakt - Pyrgos House - Kythira Greece","og_description":"Wenn Sie mehr Informationen \u00fcber Pyrgos House, \u00fcber die anderen Ferienh\u00e4user oder die Wanderm\u00f6glichkeiten und\u00a0Exkursionen\u00a0erhalten wollen,\u00a0so f\u00fcllen Sie bitte\u00a0folgendes Formular aus. Danach kontaktieren wir Sie.","og_url":"https:\/\/pyrgoshouse.com\/de\/contact\/","og_site_name":"Pyrgos House - Kythira Greece","article_publisher":"https:\/\/www.facebook.com\/pyrgoshouse\/","article_modified_time":"2025-06-10T14:59:06+00:00","og_image":[{"width":1200,"height":799,"url":"https:\/\/pyrgoshouse.com\/wp-content\/uploads\/2016\/06\/south.jpg","type":"image\/jpeg"}],"twitter_card":"summary_large_image","twitter_site":"@pyrgoshouse","twitter_misc":{"Gesch\u00e4tzte Lesezeit":"1\u00a0Minute"},"schema":{"@context":"https:\/\/schema.org","@graph":[{"@type":"WebPage","@id":"https:\/\/pyrgoshouse.com\/de\/contact\/","url":"https:\/\/pyrgoshouse.com\/de\/contact\/","name":"Kontakt - Pyrgos House - Kythira Greece","isPartOf":{"@id":"https:\/\/pyrgoshouse.com\/de\/#website"},"primaryImageOfPage":{"@id":"https:\/\/pyrgoshouse.com\/de\/contact\/#primaryimage"},"image":{"@id":"https:\/\/pyrgoshouse.com\/contact\/#primaryimage"},"thumbnailUrl":"https:\/\/i0.wp.com\/pyrgoshouse.com\/wp-content\/uploads\/2016\/06\/south.jpg?fit=1200%2C799&ssl=1","datePublished":"2010-11-25T12:06:21+00:00","dateModified":"2025-06-10T14:59:06+00:00","breadcrumb":{"@id":"https:\/\/pyrgoshouse.com\/de\/contact\/#breadcrumb"},"inLanguage":"de","potentialAction":[{"@type":"ReadAction","target":[["https:\/\/pyrgoshouse.com\/de\/contact\/"]]}]},{"@type":"ImageObject","inLanguage":"de","@id":"https:\/\/pyrgoshouse.com\/de\/contact\/#primaryimage","url":"https:\/\/i0.wp.com\/pyrgoshouse.com\/wp-content\/uploads\/2016\/06\/south.jpg?fit=1200%2C799&ssl=1","contentUrl":"https:\/\/i0.wp.com\/pyrgoshouse.com\/wp-content\/uploads\/2016\/06\/south.jpg?fit=1200%2C799&ssl=1","width":1200,"height":799},{"@type":"BreadcrumbList","@id":"https:\/\/pyrgoshouse.com\/de\/contact\/#breadcrumb","itemListElement":[{"@type":"ListItem","position":1,"name":"Home","item":"https:\/\/pyrgoshouse.com\/de\/"},{"@type":"ListItem","position":2,"name":"Contact"}]},{"@type":"WebSite","@id":"https:\/\/pyrgoshouse.com\/de\/#website","url":"https:\/\/pyrgoshouse.com\/de\/","name":"Pyrgos House - Kythira Greece","description":"Kythera Greece","potentialAction":[{"@type":"SearchAction","target":{"@type":"EntryPoint","urlTemplate":"https:\/\/pyrgoshouse.com\/de\/?s={search_term_string}"},"query-input":{"@type":"PropertyValueSpecification","valueRequired":true,"valueName":"search_term_string"}}],"inLanguage":"de"}]}},"jetpack_sharing_enabled":true,"_links":{"self":[{"href":"https:\/\/pyrgoshouse.com\/de\/wp-json\/wp\/v2\/pages\/1621","targetHints":{"allow":["GET"]}}],"collection":[{"href":"https:\/\/pyrgoshouse.com\/de\/wp-json\/wp\/v2\/pages"}],"about":[{"href":"https:\/\/pyrgoshouse.com\/de\/wp-json\/wp\/v2\/types\/page"}],"author":[{"embeddable":true,"href":"https:\/\/pyrgoshouse.com\/de\/wp-json\/wp\/v2\/users\/1"}],"replies":[{"embeddable":true,"href":"https:\/\/pyrgoshouse.com\/de\/wp-json\/wp\/v2\/comments?post=1621"}],"version-history":[{"count":62,"href":"https:\/\/pyrgoshouse.com\/de\/wp-json\/wp\/v2\/pages\/1621\/revisions"}],"predecessor-version":[{"id":7213,"href":"https:\/\/pyrgoshouse.com\/de\/wp-json\/wp\/v2\/pages\/1621\/revisions\/7213"}],"wp:featuredmedia":[{"embeddable":true,"href":"https:\/\/pyrgoshouse.com\/de\/wp-json\/wp\/v2\/media\/4947"}],"wp:attachment":[{"href":"https:\/\/pyrgoshouse.com\/de\/wp-json\/wp\/v2\/media?parent=1621"}],"curies":[{"name":"wp","href":"https:\/\/api.w.org\/{rel}","templated":true}]}}