{"id":192,"date":"2010-12-13T20:49:53","date_gmt":"2010-12-13T18:49:53","guid":{"rendered":"http:\/\/pyrgoshouse.com\/?page_id=192"},"modified":"2025-06-10T16:54:59","modified_gmt":"2025-06-10T14:54:59","slug":"booking-conditions","status":"publish","type":"page","link":"https:\/\/pyrgoshouse.com\/de\/reservieren\/buchen\/","title":{"rendered":"Buchen"},"content":{"rendered":"<p>Wenn Sie reservieren m\u00f6chten, so f\u00fcllen Sie bitte das Kontaktformular aus. Dies ist unverbindlich. Wir untersuchen dann die\u00a0Verf\u00fcgbarkeit f\u00fcr die von Ihnen gew\u00fcnschte Zeit und kontaktieren Sie baldm\u00f6glichst.<\/p>\n<p>Wenn Sie noch nicht definitiv buchen, sich Ihren Platz bei uns aber sichern wollen, so k\u00f6nnen Sie problemlos einige Tage ohne Verpflichtungen vorreservieren.<\/p>\n<p><strong>Bezahlung<\/strong><\/p>\n<p>Wenn wir Ihre Buchung per Mail best\u00e4tigt haben, bitten wir Sie, uns\u00a0innerhalb 7 Tagen 25% vom Totalbetrag zu \u00fcberweisen.\u00a0Ihre Reservierung wird\u00a0damit definitiv. Bis sp\u00e4testens 6 Wochen vor Ihrer Abreise \u00fcberweisen Sie uns dann den Restbetrag.<br \/>\nBuchen Sie innerhalb der 6 Wochen vor Ihrer Anreise, dann \u00fcberweisen Sie uns den Totalbetrag nach Empfang unserer Best\u00e4tigung Ihrer Buchung.<br \/>\nJede Bezahlung wird Ihnen\u00a0von uns per mail best\u00e4tigt.<\/p>\n<p>Kontonummer Pyrgos House:<br \/>\nFrank van Weerde<br \/>\nIBAN: GR8301104520000045274398069<br \/>\nBIC: ETHNGRAA<\/p>\n<p>Wir empfehlen Ihnen, innerhalb 7 Arbeitstagen nach der Buchung sowohl eine\u00a0Annullierungs- als auch\u00a0eine Reise- und Unfallversicherung\u00a0abzuschliessen.<\/p>\n<p><strong>Annullieren\u00a0<\/strong><\/p>\n<p>K\u00f6nnen Sie unverhofft die Reise nicht antreten, dann mailen Sie uns das bitte umgehend. Ihr mail best\u00e4tigen wir.<\/p>\n<p>Unsere R\u00fcckerstattung:<\/p>\n<ul>\n<li>bis 4 Wochen vor Anreisedatum: den Totalbetrag.<\/li>\n<li>bis Ende 3. Woche vor Anreisedatum: 75 %<\/li>\n<li>bis Ende 2. Woche vor Anreisedatum: 50 %<\/li>\n<li>bis Ende 1. Woche vor Anreisedatum: 25 %<\/li>\n<li>ab 1 Woche bis Anreisedatum: 0 %<\/li>\n<\/ul>\n<p>Kontaktieren Sie die Versicherungsgesellschaft, bei der Sie Ihre Annullierung versichert haben, f\u00fcr eventuelle R\u00fcckerstattungen.<\/p>\n<p><strong>\u00c4ndern<\/strong><\/p>\n<p>Sie k\u00f6nnen Ihre Buchung bis 4 Wochen vor Anreisedatum \u00e4ndern. Schicken Sie uns bitte diesbez\u00fcglich ein Mail und wir versuchen Ihre \u00c4nderungsw\u00fcnsche zu erf\u00fcllen.<br \/>\nInnerhalb 4 Wochen vor Anreisedatum\u00a0gilt jede \u00c4nderung als Annullierung.<\/p>","protected":false},"excerpt":{"rendered":"<p>Wenn Sie reservieren m\u00f6chten, so f\u00fcllen Sie bitte das Kontaktformular aus. Dies ist unverbindlich. Wir untersuchen dann die\u00a0Verf\u00fcgbarkeit f\u00fcr die von Ihnen gew\u00fcnschte Zeit und kontaktieren Sie baldm\u00f6glichst. Wenn Sie noch nicht definitiv buchen, sich Ihren Platz bei uns aber sichern wollen, so k\u00f6nnen Sie problemlos einige Tage ohne Verpflichtungen<a href=\"https:\/\/pyrgoshouse.com\/de\/reservieren\/buchen\/\">[&#8230;]<\/a><\/p>\n","protected":false},"author":1,"featured_media":0,"parent":4416,"menu_order":0,"comment_status":"closed","ping_status":"closed","template":"","meta":{"jetpack_post_was_ever_published":false,"footnotes":""},"class_list":["post-192","page","type-page","status-publish","hentry"],"yoast_head":"<!-- This site is optimized with the Yoast SEO plugin v26.8 - https:\/\/yoast.com\/product\/yoast-seo-wordpress\/ -->\n<title>Buchen - Pyrgos House - Kythira Greece<\/title>\n<meta name=\"robots\" content=\"index, follow, max-snippet:-1, max-image-preview:large, max-video-preview:-1\" \/>\n<link rel=\"canonical\" href=\"https:\/\/pyrgoshouse.com\/de\/booking\/booking-conditions\/\" \/>\n<meta property=\"og:locale\" content=\"de_DE\" \/>\n<meta property=\"og:type\" content=\"article\" \/>\n<meta property=\"og:title\" content=\"Buchen - Pyrgos House - Kythira Greece\" \/>\n<meta property=\"og:description\" content=\"Wenn Sie reservieren m\u00f6chten, so f\u00fcllen Sie bitte das Kontaktformular aus. Dies ist unverbindlich. Wir untersuchen dann die\u00a0Verf\u00fcgbarkeit f\u00fcr die von Ihnen gew\u00fcnschte Zeit und kontaktieren Sie baldm\u00f6glichst. Wenn Sie noch nicht definitiv buchen, sich Ihren Platz bei uns aber sichern wollen, so k\u00f6nnen Sie problemlos einige Tage ohne Verpflichtungen[...]\" \/>\n<meta property=\"og:url\" content=\"https:\/\/pyrgoshouse.com\/de\/booking\/booking-conditions\/\" \/>\n<meta property=\"og:site_name\" content=\"Pyrgos House - Kythira Greece\" \/>\n<meta property=\"article:publisher\" content=\"https:\/\/www.facebook.com\/pyrgoshouse\/\" \/>\n<meta property=\"article:modified_time\" content=\"2025-06-10T14:54:59+00:00\" \/>\n<meta property=\"og:image\" content=\"https:\/\/i0.wp.com\/pyrgoshouse.com\/wp-content\/uploads\/2017\/01\/master-fb.jpg?fit=960%2C591&ssl=1\" \/>\n\t<meta property=\"og:image:width\" content=\"960\" \/>\n\t<meta property=\"og:image:height\" content=\"591\" \/>\n\t<meta property=\"og:image:type\" content=\"image\/jpeg\" \/>\n<meta name=\"twitter:card\" content=\"summary_large_image\" \/>\n<meta name=\"twitter:site\" content=\"@pyrgoshouse\" \/>\n<meta name=\"twitter:label1\" content=\"Gesch\u00e4tzte Lesezeit\" \/>\n\t<meta name=\"twitter:data1\" content=\"2\u00a0Minuten\" \/>\n<script type=\"application\/ld+json\" class=\"yoast-schema-graph\">{\"@context\":\"https:\/\/schema.org\",\"@graph\":[{\"@type\":\"WebPage\",\"@id\":\"https:\/\/pyrgoshouse.com\/de\/booking\/booking-conditions\/\",\"url\":\"https:\/\/pyrgoshouse.com\/de\/booking\/booking-conditions\/\",\"name\":\"Buchen - Pyrgos House - Kythira Greece\",\"isPartOf\":{\"@id\":\"https:\/\/pyrgoshouse.com\/de\/#website\"},\"datePublished\":\"2010-12-13T18:49:53+00:00\",\"dateModified\":\"2025-06-10T14:54:59+00:00\",\"breadcrumb\":{\"@id\":\"https:\/\/pyrgoshouse.com\/de\/booking\/booking-conditions\/#breadcrumb\"},\"inLanguage\":\"de\",\"potentialAction\":[{\"@type\":\"ReadAction\",\"target\":[[\"https:\/\/pyrgoshouse.com\/de\/booking\/booking-conditions\/\"]]}]},{\"@type\":\"BreadcrumbList\",\"@id\":\"https:\/\/pyrgoshouse.com\/de\/booking\/booking-conditions\/#breadcrumb\",\"itemListElement\":[{\"@type\":\"ListItem\",\"position\":1,\"name\":\"Home\",\"item\":\"https:\/\/pyrgoshouse.com\/de\/\"},{\"@type\":\"ListItem\",\"position\":2,\"name\":\"Booking\",\"item\":\"https:\/\/pyrgoshouse.com\/de\/booking\/\"},{\"@type\":\"ListItem\",\"position\":3,\"name\":\"Booking conditions\"}]},{\"@type\":\"WebSite\",\"@id\":\"https:\/\/pyrgoshouse.com\/de\/#website\",\"url\":\"https:\/\/pyrgoshouse.com\/de\/\",\"name\":\"Pyrgos House - Kythira Greece\",\"description\":\"Kythera Greece\",\"potentialAction\":[{\"@type\":\"SearchAction\",\"target\":{\"@type\":\"EntryPoint\",\"urlTemplate\":\"https:\/\/pyrgoshouse.com\/de\/?s={search_term_string}\"},\"query-input\":{\"@type\":\"PropertyValueSpecification\",\"valueRequired\":true,\"valueName\":\"search_term_string\"}}],\"inLanguage\":\"de\"}]}<\/script>\n<!-- \/ Yoast SEO plugin. -->","yoast_head_json":{"title":"Buchen - Pyrgos House - Kythira Greece","robots":{"index":"index","follow":"follow","max-snippet":"max-snippet:-1","max-image-preview":"max-image-preview:large","max-video-preview":"max-video-preview:-1"},"canonical":"https:\/\/pyrgoshouse.com\/de\/booking\/booking-conditions\/","og_locale":"de_DE","og_type":"article","og_title":"Buchen - Pyrgos House - Kythira Greece","og_description":"Wenn Sie reservieren m\u00f6chten, so f\u00fcllen Sie bitte das Kontaktformular aus. Dies ist unverbindlich. Wir untersuchen dann die\u00a0Verf\u00fcgbarkeit f\u00fcr die von Ihnen gew\u00fcnschte Zeit und kontaktieren Sie baldm\u00f6glichst. Wenn Sie noch nicht definitiv buchen, sich Ihren Platz bei uns aber sichern wollen, so k\u00f6nnen Sie problemlos einige Tage ohne Verpflichtungen[...]","og_url":"https:\/\/pyrgoshouse.com\/de\/booking\/booking-conditions\/","og_site_name":"Pyrgos House - Kythira Greece","article_publisher":"https:\/\/www.facebook.com\/pyrgoshouse\/","article_modified_time":"2025-06-10T14:54:59+00:00","og_image":[{"width":960,"height":591,"url":"https:\/\/i0.wp.com\/pyrgoshouse.com\/wp-content\/uploads\/2017\/01\/master-fb.jpg?fit=960%2C591&ssl=1","type":"image\/jpeg"}],"twitter_card":"summary_large_image","twitter_site":"@pyrgoshouse","twitter_misc":{"Gesch\u00e4tzte Lesezeit":"2\u00a0Minuten"},"schema":{"@context":"https:\/\/schema.org","@graph":[{"@type":"WebPage","@id":"https:\/\/pyrgoshouse.com\/de\/booking\/booking-conditions\/","url":"https:\/\/pyrgoshouse.com\/de\/booking\/booking-conditions\/","name":"Buchen - Pyrgos House - Kythira Greece","isPartOf":{"@id":"https:\/\/pyrgoshouse.com\/de\/#website"},"datePublished":"2010-12-13T18:49:53+00:00","dateModified":"2025-06-10T14:54:59+00:00","breadcrumb":{"@id":"https:\/\/pyrgoshouse.com\/de\/booking\/booking-conditions\/#breadcrumb"},"inLanguage":"de","potentialAction":[{"@type":"ReadAction","target":[["https:\/\/pyrgoshouse.com\/de\/booking\/booking-conditions\/"]]}]},{"@type":"BreadcrumbList","@id":"https:\/\/pyrgoshouse.com\/de\/booking\/booking-conditions\/#breadcrumb","itemListElement":[{"@type":"ListItem","position":1,"name":"Home","item":"https:\/\/pyrgoshouse.com\/de\/"},{"@type":"ListItem","position":2,"name":"Booking","item":"https:\/\/pyrgoshouse.com\/de\/booking\/"},{"@type":"ListItem","position":3,"name":"Booking conditions"}]},{"@type":"WebSite","@id":"https:\/\/pyrgoshouse.com\/de\/#website","url":"https:\/\/pyrgoshouse.com\/de\/","name":"Pyrgos House - Kythira Greece","description":"Kythera Greece","potentialAction":[{"@type":"SearchAction","target":{"@type":"EntryPoint","urlTemplate":"https:\/\/pyrgoshouse.com\/de\/?s={search_term_string}"},"query-input":{"@type":"PropertyValueSpecification","valueRequired":true,"valueName":"search_term_string"}}],"inLanguage":"de"}]}},"jetpack_sharing_enabled":true,"_links":{"self":[{"href":"https:\/\/pyrgoshouse.com\/de\/wp-json\/wp\/v2\/pages\/192","targetHints":{"allow":["GET"]}}],"collection":[{"href":"https:\/\/pyrgoshouse.com\/de\/wp-json\/wp\/v2\/pages"}],"about":[{"href":"https:\/\/pyrgoshouse.com\/de\/wp-json\/wp\/v2\/types\/page"}],"author":[{"embeddable":true,"href":"https:\/\/pyrgoshouse.com\/de\/wp-json\/wp\/v2\/users\/1"}],"replies":[{"embeddable":true,"href":"https:\/\/pyrgoshouse.com\/de\/wp-json\/wp\/v2\/comments?post=192"}],"version-history":[{"count":3,"href":"https:\/\/pyrgoshouse.com\/de\/wp-json\/wp\/v2\/pages\/192\/revisions"}],"predecessor-version":[{"id":7422,"href":"https:\/\/pyrgoshouse.com\/de\/wp-json\/wp\/v2\/pages\/192\/revisions\/7422"}],"up":[{"embeddable":true,"href":"https:\/\/pyrgoshouse.com\/de\/wp-json\/wp\/v2\/pages\/4416"}],"wp:attachment":[{"href":"https:\/\/pyrgoshouse.com\/de\/wp-json\/wp\/v2\/media?parent=192"}],"curies":[{"name":"wp","href":"https:\/\/api.w.org\/{rel}","templated":true}]}}