{"id":3937,"date":"2010-11-11T11:45:58","date_gmt":"2010-11-11T09:45:58","guid":{"rendered":"http:\/\/pyrgoshouse.com\/?page_id=2"},"modified":"2025-02-08T17:47:24","modified_gmt":"2025-02-08T15:47:24","slug":"accommodation","status":"publish","type":"page","link":"https:\/\/pyrgoshouse.com\/de\/unterkunfte\/","title":{"rendered":"Unterk\u00fcnfte"},"content":{"rendered":"<p>Es kann sich ergeben, dass Pyrgos House f\u00fcr die Periode, welche Sie sich gew\u00fcnscht haben, schon gebucht ist. In diesem Fall helfen wir Ihnen gerne, Ihr Ferienziel Kythira dennoch zu erm\u00f6glichen. Dazu\u00a0arbeiten wir mit\u00a0anderen Besitzern von kleinen, privaten Ferienunterk\u00fcnften zusammen.<\/p>\n<p>Die Vielfalt der Natur und der D\u00f6rfer\u00a0sind bezeichnend f\u00fcr Kythira. Vielleicht wollen Sie dies bewusst\u00a0durch\u00a0einen Verbleib in zwei oder mehreren Unterk\u00fcnften erfahren. So lernen Sie gewiss auch\u00a0diese Insel\u00a0am besten\u00a0kennen. Ebenso wie jeder Ort hat auch jede Ferienunterkunft ihren eigenen, unverwechselbaren\u00a0Reiz. Lassen Sie sich \u00fcberraschen und wir sind \u00fcberzeugt von Ihrer Begeisterung f\u00fcr Kythira.<\/p>\n<p>Anbei sehen Sie eine \u00dcbersicht von Studios, Ferienwohnungen und Ferienh\u00e4usern.<br \/>\nF\u00fcr mehr Information und Fotos klicken Sie bitte auf den Namen der Unterkunft.<\/p>\n<p><a title=\"Studio Babouni in Platia Ammos\" href=\"http:\/\/pyrgoshouse.com\/?page_id=26&amp;lang=de\">Studio Babouni in Platia Ammos<\/a><\/p>\n<p><a title=\"Lagadi tou Karava in Karavas\" href=\"http:\/\/pyrgoshouse.com\/?page_id=468&amp;lang=de\">Lagadi tou Karava in Karavas<\/a><\/p>\n<p><a title=\"Neromylos in Agia Pelagia\" href=\"http:\/\/pyrgoshouse.com\/?page_id=489&amp;lang=de\">Neromylos in Agia Pelagia<\/a><\/p>\n<p><a title=\"Zathea Apartments in Agia Pelagia\" href=\"http:\/\/pyrgoshouse.com\/?page_id=1349&amp;lang=de\">Zathea Apartments in Agia Pelagia<\/a><\/p>\n<p><a title=\"Lanos Guesthouse in Potamos\" href=\"http:\/\/pyrgoshouse.com\/?page_id=28&amp;lang=de\">Guesthouse Lanos in Potamos<\/a><\/p>\n<p><a title=\"Iota Apartments in Mylopotamos\" href=\"http:\/\/pyrgoshouse.com\/?page_id=1131&amp;lang=de\">Iota Apartments in Mylopotamos<\/a><\/p>\n<p><a title=\"Aphrodite Apartments in Kapsali\" href=\"http:\/\/pyrgoshouse.com\/?page_id=658&amp;lang=de\">Aphrodite Apartments in Kapsali<\/a><\/p>","protected":false},"excerpt":{"rendered":"<p>Es kann sich ergeben, dass Pyrgos House f\u00fcr die Periode, welche Sie sich gew\u00fcnscht haben, schon gebucht ist. In diesem Fall helfen wir Ihnen gerne, Ihr Ferienziel Kythira dennoch zu erm\u00f6glichen. Dazu\u00a0arbeiten wir mit\u00a0anderen Besitzern von kleinen, privaten Ferienunterk\u00fcnften zusammen. Die Vielfalt der Natur und der D\u00f6rfer\u00a0sind bezeichnend f\u00fcr Kythira.<a href=\"https:\/\/pyrgoshouse.com\/de\/unterkunfte\/\">[&#8230;]<\/a><\/p>\n","protected":false},"author":1,"featured_media":4897,"parent":0,"menu_order":20,"comment_status":"closed","ping_status":"closed","template":"template-room-listing-2col.php","meta":{"jetpack_post_was_ever_published":false,"footnotes":""},"class_list":["post-3937","page","type-page","status-publish","has-post-thumbnail","hentry"],"yoast_head":"<!-- This site is optimized with the Yoast SEO plugin v26.8 - https:\/\/yoast.com\/product\/yoast-seo-wordpress\/ -->\n<title>Unterk\u00fcnfte - Pyrgos House - Kythira Greece<\/title>\n<meta name=\"robots\" content=\"index, follow, max-snippet:-1, max-image-preview:large, max-video-preview:-1\" \/>\n<link rel=\"canonical\" href=\"https:\/\/pyrgoshouse.com\/de\/accommodation\/\" \/>\n<meta property=\"og:locale\" content=\"de_DE\" \/>\n<meta property=\"og:type\" content=\"article\" \/>\n<meta property=\"og:title\" content=\"Unterk\u00fcnfte - Pyrgos House - Kythira Greece\" \/>\n<meta property=\"og:description\" content=\"Es kann sich ergeben, dass Pyrgos House f\u00fcr die Periode, welche Sie sich gew\u00fcnscht haben, schon gebucht ist. In diesem Fall helfen wir Ihnen gerne, Ihr Ferienziel Kythira dennoch zu erm\u00f6glichen. Dazu\u00a0arbeiten wir mit\u00a0anderen Besitzern von kleinen, privaten Ferienunterk\u00fcnften zusammen. Die Vielfalt der Natur und der D\u00f6rfer\u00a0sind bezeichnend f\u00fcr Kythira.[...]\" \/>\n<meta property=\"og:url\" content=\"https:\/\/pyrgoshouse.com\/de\/accommodation\/\" \/>\n<meta property=\"og:site_name\" content=\"Pyrgos House - Kythira Greece\" \/>\n<meta property=\"article:publisher\" content=\"https:\/\/www.facebook.com\/pyrgoshouse\/\" \/>\n<meta property=\"article:modified_time\" content=\"2025-02-08T15:47:24+00:00\" \/>\n<meta property=\"og:image\" content=\"https:\/\/pyrgoshouse.com\/wp-content\/uploads\/2010\/11\/accomodation.jpg\" \/>\n\t<meta property=\"og:image:width\" content=\"1140\" \/>\n\t<meta property=\"og:image:height\" content=\"539\" \/>\n\t<meta property=\"og:image:type\" content=\"image\/jpeg\" \/>\n<meta name=\"twitter:card\" content=\"summary_large_image\" \/>\n<meta name=\"twitter:site\" content=\"@pyrgoshouse\" \/>\n<meta name=\"twitter:label1\" content=\"Gesch\u00e4tzte Lesezeit\" \/>\n\t<meta name=\"twitter:data1\" content=\"1\u00a0Minute\" \/>\n<script type=\"application\/ld+json\" class=\"yoast-schema-graph\">{\"@context\":\"https:\/\/schema.org\",\"@graph\":[{\"@type\":\"WebPage\",\"@id\":\"https:\/\/pyrgoshouse.com\/de\/accommodation\/\",\"url\":\"https:\/\/pyrgoshouse.com\/de\/accommodation\/\",\"name\":\"Unterk\u00fcnfte - Pyrgos House - Kythira Greece\",\"isPartOf\":{\"@id\":\"https:\/\/pyrgoshouse.com\/de\/#website\"},\"primaryImageOfPage\":{\"@id\":\"https:\/\/pyrgoshouse.com\/de\/accommodation\/#primaryimage\"},\"image\":{\"@id\":\"https:\/\/pyrgoshouse.com\/accommodation\/#primaryimage\"},\"thumbnailUrl\":\"https:\/\/i0.wp.com\/pyrgoshouse.com\/wp-content\/uploads\/2010\/11\/accomodation.jpg?fit=1140%2C539&ssl=1\",\"datePublished\":\"2010-11-11T09:45:58+00:00\",\"dateModified\":\"2025-02-08T15:47:24+00:00\",\"breadcrumb\":{\"@id\":\"https:\/\/pyrgoshouse.com\/de\/accommodation\/#breadcrumb\"},\"inLanguage\":\"de\",\"potentialAction\":[{\"@type\":\"ReadAction\",\"target\":[[\"https:\/\/pyrgoshouse.com\/de\/accommodation\/\"]]}]},{\"@type\":\"ImageObject\",\"inLanguage\":\"de\",\"@id\":\"https:\/\/pyrgoshouse.com\/de\/accommodation\/#primaryimage\",\"url\":\"https:\/\/i0.wp.com\/pyrgoshouse.com\/wp-content\/uploads\/2010\/11\/accomodation.jpg?fit=1140%2C539&ssl=1\",\"contentUrl\":\"https:\/\/i0.wp.com\/pyrgoshouse.com\/wp-content\/uploads\/2010\/11\/accomodation.jpg?fit=1140%2C539&ssl=1\",\"width\":1140,\"height\":539},{\"@type\":\"BreadcrumbList\",\"@id\":\"https:\/\/pyrgoshouse.com\/de\/accommodation\/#breadcrumb\",\"itemListElement\":[{\"@type\":\"ListItem\",\"position\":1,\"name\":\"Home\",\"item\":\"https:\/\/pyrgoshouse.com\/de\/\"},{\"@type\":\"ListItem\",\"position\":2,\"name\":\"Accommodation\"}]},{\"@type\":\"WebSite\",\"@id\":\"https:\/\/pyrgoshouse.com\/de\/#website\",\"url\":\"https:\/\/pyrgoshouse.com\/de\/\",\"name\":\"Pyrgos House - Kythira Greece\",\"description\":\"Kythera Greece\",\"potentialAction\":[{\"@type\":\"SearchAction\",\"target\":{\"@type\":\"EntryPoint\",\"urlTemplate\":\"https:\/\/pyrgoshouse.com\/de\/?s={search_term_string}\"},\"query-input\":{\"@type\":\"PropertyValueSpecification\",\"valueRequired\":true,\"valueName\":\"search_term_string\"}}],\"inLanguage\":\"de\"}]}<\/script>\n<!-- \/ Yoast SEO plugin. -->","yoast_head_json":{"title":"Unterk\u00fcnfte - Pyrgos House - Kythira Greece","robots":{"index":"index","follow":"follow","max-snippet":"max-snippet:-1","max-image-preview":"max-image-preview:large","max-video-preview":"max-video-preview:-1"},"canonical":"https:\/\/pyrgoshouse.com\/de\/accommodation\/","og_locale":"de_DE","og_type":"article","og_title":"Unterk\u00fcnfte - Pyrgos House - Kythira Greece","og_description":"Es kann sich ergeben, dass Pyrgos House f\u00fcr die Periode, welche Sie sich gew\u00fcnscht haben, schon gebucht ist. In diesem Fall helfen wir Ihnen gerne, Ihr Ferienziel Kythira dennoch zu erm\u00f6glichen. Dazu\u00a0arbeiten wir mit\u00a0anderen Besitzern von kleinen, privaten Ferienunterk\u00fcnften zusammen. Die Vielfalt der Natur und der D\u00f6rfer\u00a0sind bezeichnend f\u00fcr Kythira.[...]","og_url":"https:\/\/pyrgoshouse.com\/de\/accommodation\/","og_site_name":"Pyrgos House - Kythira Greece","article_publisher":"https:\/\/www.facebook.com\/pyrgoshouse\/","article_modified_time":"2025-02-08T15:47:24+00:00","og_image":[{"width":1140,"height":539,"url":"https:\/\/pyrgoshouse.com\/wp-content\/uploads\/2010\/11\/accomodation.jpg","type":"image\/jpeg"}],"twitter_card":"summary_large_image","twitter_site":"@pyrgoshouse","twitter_misc":{"Gesch\u00e4tzte Lesezeit":"1\u00a0Minute"},"schema":{"@context":"https:\/\/schema.org","@graph":[{"@type":"WebPage","@id":"https:\/\/pyrgoshouse.com\/de\/accommodation\/","url":"https:\/\/pyrgoshouse.com\/de\/accommodation\/","name":"Unterk\u00fcnfte - Pyrgos House - Kythira Greece","isPartOf":{"@id":"https:\/\/pyrgoshouse.com\/de\/#website"},"primaryImageOfPage":{"@id":"https:\/\/pyrgoshouse.com\/de\/accommodation\/#primaryimage"},"image":{"@id":"https:\/\/pyrgoshouse.com\/accommodation\/#primaryimage"},"thumbnailUrl":"https:\/\/i0.wp.com\/pyrgoshouse.com\/wp-content\/uploads\/2010\/11\/accomodation.jpg?fit=1140%2C539&ssl=1","datePublished":"2010-11-11T09:45:58+00:00","dateModified":"2025-02-08T15:47:24+00:00","breadcrumb":{"@id":"https:\/\/pyrgoshouse.com\/de\/accommodation\/#breadcrumb"},"inLanguage":"de","potentialAction":[{"@type":"ReadAction","target":[["https:\/\/pyrgoshouse.com\/de\/accommodation\/"]]}]},{"@type":"ImageObject","inLanguage":"de","@id":"https:\/\/pyrgoshouse.com\/de\/accommodation\/#primaryimage","url":"https:\/\/i0.wp.com\/pyrgoshouse.com\/wp-content\/uploads\/2010\/11\/accomodation.jpg?fit=1140%2C539&ssl=1","contentUrl":"https:\/\/i0.wp.com\/pyrgoshouse.com\/wp-content\/uploads\/2010\/11\/accomodation.jpg?fit=1140%2C539&ssl=1","width":1140,"height":539},{"@type":"BreadcrumbList","@id":"https:\/\/pyrgoshouse.com\/de\/accommodation\/#breadcrumb","itemListElement":[{"@type":"ListItem","position":1,"name":"Home","item":"https:\/\/pyrgoshouse.com\/de\/"},{"@type":"ListItem","position":2,"name":"Accommodation"}]},{"@type":"WebSite","@id":"https:\/\/pyrgoshouse.com\/de\/#website","url":"https:\/\/pyrgoshouse.com\/de\/","name":"Pyrgos House - Kythira Greece","description":"Kythera Greece","potentialAction":[{"@type":"SearchAction","target":{"@type":"EntryPoint","urlTemplate":"https:\/\/pyrgoshouse.com\/de\/?s={search_term_string}"},"query-input":{"@type":"PropertyValueSpecification","valueRequired":true,"valueName":"search_term_string"}}],"inLanguage":"de"}]}},"jetpack_sharing_enabled":true,"_links":{"self":[{"href":"https:\/\/pyrgoshouse.com\/de\/wp-json\/wp\/v2\/pages\/3937","targetHints":{"allow":["GET"]}}],"collection":[{"href":"https:\/\/pyrgoshouse.com\/de\/wp-json\/wp\/v2\/pages"}],"about":[{"href":"https:\/\/pyrgoshouse.com\/de\/wp-json\/wp\/v2\/types\/page"}],"author":[{"embeddable":true,"href":"https:\/\/pyrgoshouse.com\/de\/wp-json\/wp\/v2\/users\/1"}],"replies":[{"embeddable":true,"href":"https:\/\/pyrgoshouse.com\/de\/wp-json\/wp\/v2\/comments?post=3937"}],"version-history":[{"count":2,"href":"https:\/\/pyrgoshouse.com\/de\/wp-json\/wp\/v2\/pages\/3937\/revisions"}],"predecessor-version":[{"id":5486,"href":"https:\/\/pyrgoshouse.com\/de\/wp-json\/wp\/v2\/pages\/3937\/revisions\/5486"}],"wp:featuredmedia":[{"embeddable":true,"href":"https:\/\/pyrgoshouse.com\/de\/wp-json\/wp\/v2\/media\/4897"}],"wp:attachment":[{"href":"https:\/\/pyrgoshouse.com\/de\/wp-json\/wp\/v2\/media?parent=3937"}],"curies":[{"name":"wp","href":"https:\/\/api.w.org\/{rel}","templated":true}]}}