{"id":4416,"date":"2016-01-05T13:51:31","date_gmt":"2016-01-05T13:51:31","guid":{"rendered":"http:\/\/46.4.70.141\/~pyrgos\/?page_id=4416"},"modified":"2025-06-10T16:56:16","modified_gmt":"2025-06-10T14:56:16","slug":"reserveren","status":"publish","type":"page","link":"https:\/\/pyrgoshouse.com\/de\/reservieren\/","title":{"rendered":"Reservieren"},"content":{"rendered":"<p>Wenn Sie reservieren m\u00f6chten, so f\u00fcllen Sie bitte folgendes Formular aus. Dies ist unverbindlich. Wir untersuchen dann die\u00a0Verf\u00fcgbarkeit f\u00fcr die von Ihnen gew\u00fcnschte Zeit und kontaktieren Sie baldm\u00f6glichst.<\/p>\n<h2 class=\"p1\"><span class=\"s1\">Unterkunft Reservierungsformular<\/span><\/h2>\n<p><\/p>","protected":false},"excerpt":{"rendered":"<p>Wenn Sie reservieren m\u00f6chten, so f\u00fcllen Sie bitte folgendes Formular aus. Dies ist unverbindlich. Wir untersuchen dann die\u00a0Verf\u00fcgbarkeit f\u00fcr die von Ihnen gew\u00fcnschte Zeit und kontaktieren Sie baldm\u00f6glichst. Unterkunft Reservierungsformular<\/p>\n","protected":false},"author":1,"featured_media":0,"parent":0,"menu_order":0,"comment_status":"closed","ping_status":"closed","template":"template-booking.php","meta":{"jetpack_post_was_ever_published":false,"footnotes":""},"class_list":["post-4416","page","type-page","status-publish","hentry"],"yoast_head":"<!-- This site is optimized with the Yoast SEO plugin v26.8 - https:\/\/yoast.com\/product\/yoast-seo-wordpress\/ -->\n<title>Reservieren - Pyrgos House - Kythira Greece<\/title>\n<meta name=\"robots\" content=\"index, follow, max-snippet:-1, max-image-preview:large, max-video-preview:-1\" \/>\n<link rel=\"canonical\" href=\"https:\/\/pyrgoshouse.com\/de\/booking\/\" \/>\n<meta property=\"og:locale\" content=\"de_DE\" \/>\n<meta property=\"og:type\" content=\"article\" \/>\n<meta property=\"og:title\" content=\"Reservieren - Pyrgos House - Kythira Greece\" \/>\n<meta property=\"og:description\" content=\"Wenn Sie reservieren m\u00f6chten, so f\u00fcllen Sie bitte folgendes Formular aus. Dies ist unverbindlich. Wir untersuchen dann die\u00a0Verf\u00fcgbarkeit f\u00fcr die von Ihnen gew\u00fcnschte Zeit und kontaktieren Sie baldm\u00f6glichst. Unterkunft Reservierungsformular\" \/>\n<meta property=\"og:url\" content=\"https:\/\/pyrgoshouse.com\/de\/booking\/\" \/>\n<meta property=\"og:site_name\" content=\"Pyrgos House - Kythira Greece\" \/>\n<meta property=\"article:publisher\" content=\"https:\/\/www.facebook.com\/pyrgoshouse\/\" \/>\n<meta property=\"article:modified_time\" content=\"2025-06-10T14:56:16+00:00\" \/>\n<meta property=\"og:image\" content=\"https:\/\/i0.wp.com\/pyrgoshouse.com\/wp-content\/uploads\/2017\/01\/master-fb.jpg?fit=960%2C591&ssl=1\" \/>\n\t<meta property=\"og:image:width\" content=\"960\" \/>\n\t<meta property=\"og:image:height\" content=\"591\" \/>\n\t<meta property=\"og:image:type\" content=\"image\/jpeg\" \/>\n<meta name=\"twitter:card\" content=\"summary_large_image\" \/>\n<meta name=\"twitter:site\" content=\"@pyrgoshouse\" \/>\n<meta name=\"twitter:label1\" content=\"Gesch\u00e4tzte Lesezeit\" \/>\n\t<meta name=\"twitter:data1\" content=\"1\u00a0Minute\" \/>\n<script type=\"application\/ld+json\" class=\"yoast-schema-graph\">{\"@context\":\"https:\/\/schema.org\",\"@graph\":[{\"@type\":\"WebPage\",\"@id\":\"https:\/\/pyrgoshouse.com\/de\/booking\/\",\"url\":\"https:\/\/pyrgoshouse.com\/de\/booking\/\",\"name\":\"Reservieren - Pyrgos House - Kythira Greece\",\"isPartOf\":{\"@id\":\"https:\/\/pyrgoshouse.com\/de\/#website\"},\"datePublished\":\"2016-01-05T13:51:31+00:00\",\"dateModified\":\"2025-06-10T14:56:16+00:00\",\"breadcrumb\":{\"@id\":\"https:\/\/pyrgoshouse.com\/de\/booking\/#breadcrumb\"},\"inLanguage\":\"de\",\"potentialAction\":[{\"@type\":\"ReadAction\",\"target\":[[\"https:\/\/pyrgoshouse.com\/de\/booking\/\"]]}]},{\"@type\":\"BreadcrumbList\",\"@id\":\"https:\/\/pyrgoshouse.com\/de\/booking\/#breadcrumb\",\"itemListElement\":[{\"@type\":\"ListItem\",\"position\":1,\"name\":\"Home\",\"item\":\"https:\/\/pyrgoshouse.com\/de\/\"},{\"@type\":\"ListItem\",\"position\":2,\"name\":\"Booking\"}]},{\"@type\":\"WebSite\",\"@id\":\"https:\/\/pyrgoshouse.com\/de\/#website\",\"url\":\"https:\/\/pyrgoshouse.com\/de\/\",\"name\":\"Pyrgos House - Kythira Greece\",\"description\":\"Kythera Greece\",\"potentialAction\":[{\"@type\":\"SearchAction\",\"target\":{\"@type\":\"EntryPoint\",\"urlTemplate\":\"https:\/\/pyrgoshouse.com\/de\/?s={search_term_string}\"},\"query-input\":{\"@type\":\"PropertyValueSpecification\",\"valueRequired\":true,\"valueName\":\"search_term_string\"}}],\"inLanguage\":\"de\"}]}<\/script>\n<!-- \/ Yoast SEO plugin. -->","yoast_head_json":{"title":"Reservieren - Pyrgos House - Kythira Greece","robots":{"index":"index","follow":"follow","max-snippet":"max-snippet:-1","max-image-preview":"max-image-preview:large","max-video-preview":"max-video-preview:-1"},"canonical":"https:\/\/pyrgoshouse.com\/de\/booking\/","og_locale":"de_DE","og_type":"article","og_title":"Reservieren - Pyrgos House - Kythira Greece","og_description":"Wenn Sie reservieren m\u00f6chten, so f\u00fcllen Sie bitte folgendes Formular aus. Dies ist unverbindlich. Wir untersuchen dann die\u00a0Verf\u00fcgbarkeit f\u00fcr die von Ihnen gew\u00fcnschte Zeit und kontaktieren Sie baldm\u00f6glichst. Unterkunft Reservierungsformular","og_url":"https:\/\/pyrgoshouse.com\/de\/booking\/","og_site_name":"Pyrgos House - Kythira Greece","article_publisher":"https:\/\/www.facebook.com\/pyrgoshouse\/","article_modified_time":"2025-06-10T14:56:16+00:00","og_image":[{"width":960,"height":591,"url":"https:\/\/i0.wp.com\/pyrgoshouse.com\/wp-content\/uploads\/2017\/01\/master-fb.jpg?fit=960%2C591&ssl=1","type":"image\/jpeg"}],"twitter_card":"summary_large_image","twitter_site":"@pyrgoshouse","twitter_misc":{"Gesch\u00e4tzte Lesezeit":"1\u00a0Minute"},"schema":{"@context":"https:\/\/schema.org","@graph":[{"@type":"WebPage","@id":"https:\/\/pyrgoshouse.com\/de\/booking\/","url":"https:\/\/pyrgoshouse.com\/de\/booking\/","name":"Reservieren - Pyrgos House - Kythira Greece","isPartOf":{"@id":"https:\/\/pyrgoshouse.com\/de\/#website"},"datePublished":"2016-01-05T13:51:31+00:00","dateModified":"2025-06-10T14:56:16+00:00","breadcrumb":{"@id":"https:\/\/pyrgoshouse.com\/de\/booking\/#breadcrumb"},"inLanguage":"de","potentialAction":[{"@type":"ReadAction","target":[["https:\/\/pyrgoshouse.com\/de\/booking\/"]]}]},{"@type":"BreadcrumbList","@id":"https:\/\/pyrgoshouse.com\/de\/booking\/#breadcrumb","itemListElement":[{"@type":"ListItem","position":1,"name":"Home","item":"https:\/\/pyrgoshouse.com\/de\/"},{"@type":"ListItem","position":2,"name":"Booking"}]},{"@type":"WebSite","@id":"https:\/\/pyrgoshouse.com\/de\/#website","url":"https:\/\/pyrgoshouse.com\/de\/","name":"Pyrgos House - Kythira Greece","description":"Kythera Greece","potentialAction":[{"@type":"SearchAction","target":{"@type":"EntryPoint","urlTemplate":"https:\/\/pyrgoshouse.com\/de\/?s={search_term_string}"},"query-input":{"@type":"PropertyValueSpecification","valueRequired":true,"valueName":"search_term_string"}}],"inLanguage":"de"}]}},"jetpack_sharing_enabled":false,"_links":{"self":[{"href":"https:\/\/pyrgoshouse.com\/de\/wp-json\/wp\/v2\/pages\/4416","targetHints":{"allow":["GET"]}}],"collection":[{"href":"https:\/\/pyrgoshouse.com\/de\/wp-json\/wp\/v2\/pages"}],"about":[{"href":"https:\/\/pyrgoshouse.com\/de\/wp-json\/wp\/v2\/types\/page"}],"author":[{"embeddable":true,"href":"https:\/\/pyrgoshouse.com\/de\/wp-json\/wp\/v2\/users\/1"}],"replies":[{"embeddable":true,"href":"https:\/\/pyrgoshouse.com\/de\/wp-json\/wp\/v2\/comments?post=4416"}],"version-history":[{"count":27,"href":"https:\/\/pyrgoshouse.com\/de\/wp-json\/wp\/v2\/pages\/4416\/revisions"}],"predecessor-version":[{"id":5531,"href":"https:\/\/pyrgoshouse.com\/de\/wp-json\/wp\/v2\/pages\/4416\/revisions\/5531"}],"wp:attachment":[{"href":"https:\/\/pyrgoshouse.com\/de\/wp-json\/wp\/v2\/media?parent=4416"}],"curies":[{"name":"wp","href":"https:\/\/api.w.org\/{rel}","templated":true}]}}