{"id":5228,"date":"2016-12-12T11:51:54","date_gmt":"2016-12-12T11:51:54","guid":{"rendered":"http:\/\/www.pyrgoshouse.com\/new\/?page_id=5228"},"modified":"2025-06-10T16:58:02","modified_gmt":"2025-06-10T14:58:02","slug":"bereikbaarheid","status":"publish","type":"page","link":"https:\/\/pyrgoshouse.com\/de\/anreise\/","title":{"rendered":"Anreise"},"content":{"rendered":"<p><strong>Flug: <\/strong><\/p>\n<p>Vom Ausland her ist Kythira mit dem Flugzeug nicht direkt erreichbar. Es gibt einen Zwischenhalt in Athen. An vielen Tagen ist es m\u00f6glich, gleichentags weiterzureisen. Nat\u00fcrlich k\u00f6nnen Sie die Gelegenheit auch nutzen, einen oder mehrere Tage in Athen zu verbringen, bevor Sie nach Kythira weiterreisen. Wir k\u00f6nnen Ihnen Hotels empfehlen und geben Ihnen gerne Tipps zu verschiedenen Aktivit\u00e4ten in der lebendigen Hauptstadt Griechenlands.<\/p>\n<p>Ab Athen fliegen Sie dann mit Olympic Air\/Aegean Air oder mit Sky Express in 40 Minuten nach Kythira. Von April bis Oktober wird t\u00e4glich geflogen, von November bis Ende M\u00e4rz viermal die Woche.<\/p>\n<p>Wir informieren Sie gerne \u00fcber die Flugzeiten und stellen auf Wunsch eine ausf\u00fchrliche Reiseberatung zusammen.<\/p>\n<p><strong>Schiff:<\/strong><\/p>\n<p>Wenn Sie auf dem Landweg anreisen, gibt es die folgenden M\u00f6glichkeiten, Kythira per Boot (Ankunftshafen: Diakofti) zu erreichen.<\/p>\n<ul>\n<li>Ab Neapolis &#8211; Peloponnes, Fahrzeit 1,5 Stunde (t\u00e4glich)<\/li>\n<li>Ab Gythion &#8211; Peloponnes, Fahrzeit 2,5 Stunden (1 x pro Woche)<\/li>\n<li>Ab Piraeus &#8211; Athen, Fahrzeit 7 Stunden (2 x pro Woche)<\/li>\n<li>Ab Kissamos &#8211; Kreta, Fahrzeit 3,5 Stunden (3 x pro Woche)<\/li>\n<\/ul>\n<p>Wir informieren Sie gerne \u00fcber die Fahrpl\u00e4ne und &#8211; wenn Sie eine unserer Unterk\u00fcnfte gebucht haben &#8211; reservieren wir auf Wunsch Ihre \u00dcberfahrt (hin und zur\u00fcck).<\/p>\n<p><strong>Automiete und Taxis:<\/strong><\/p>\n<p>Auf Kythira gibt es keinen \u00f6ffentlichen Verkehr. Wir empfehlen Ihnen deshalb ein Auto zu mieten, um die ganze Insel so bequem und frei wie m\u00f6glich entdecken zu k\u00f6nnen. Pyrgos House arbeitet mit Panayotis Rent a Car \u2013 Motorent zusammen, dem einzigen Autoverleih-Betrieb auf Kythira mit einem B\u00fcro sowohl auf dem Flugplatz als auch am Hafen. Bequem und praktisch: Sie bezahlen einen g\u00fcnstigen Preis und das Mietauto steht bei Ihr Ankunft f\u00fcr Sie bereit.<\/p>\n<p>Wenn Sie keinen F\u00fchrerschein haben, k\u00f6nnen Sie auf einen der ortans\u00e4ssigen Taxichauffeure (englisch sprechend) zur\u00fcckgreifen, mit denen Pyrgos House zusammenarbeitet. Wir reservieren Ihnen gerne ein Taxi, das bei Ihrer Ankunft auf dem Flugplatz oder am Hafen bereitsteht. Auch w\u00e4hrend Ihres Aufenthalts auf der Insel k\u00f6nnen wir Ihnen beim Reservieren eines Taxis behilflich sein. Der Vorteile sind viele: Sie brauchen nicht zu warten, bezahlen immer einen festen Preis und geniessen den besten Service. Gerne informieren wir Sie \u00fcber die M\u00f6glichkeiten.<\/p>\n<p>&nbsp;<\/p>","protected":false},"excerpt":{"rendered":"<p>Flug: Vom Ausland her ist Kythira mit dem Flugzeug nicht direkt erreichbar. Es gibt einen Zwischenhalt in Athen. An vielen Tagen ist es m\u00f6glich, gleichentags weiterzureisen. Nat\u00fcrlich k\u00f6nnen Sie die Gelegenheit auch nutzen, einen oder mehrere Tage in Athen zu verbringen, bevor Sie nach Kythira weiterreisen. Wir k\u00f6nnen Ihnen Hotels<a href=\"https:\/\/pyrgoshouse.com\/de\/anreise\/\">[&#8230;]<\/a><\/p>\n","protected":false},"author":1,"featured_media":5340,"parent":0,"menu_order":0,"comment_status":"closed","ping_status":"closed","template":"template-fullwidth.php","meta":{"jetpack_post_was_ever_published":false,"footnotes":""},"class_list":["post-5228","page","type-page","status-publish","has-post-thumbnail","hentry"],"yoast_head":"<!-- This site is optimized with the Yoast SEO plugin v26.8 - https:\/\/yoast.com\/product\/yoast-seo-wordpress\/ -->\n<title>Anreise - Pyrgos House - Kythira Greece<\/title>\n<meta name=\"description\" content=\"Flug, Schiff, Auto: wir informieren Sie gerne \u00fcber die M\u00f6glichkeiten und stellen auf Wunsch eine ausf\u00fchrliche Reiseberatung zusammen.\" \/>\n<meta name=\"robots\" content=\"index, follow, max-snippet:-1, max-image-preview:large, max-video-preview:-1\" \/>\n<link rel=\"canonical\" href=\"https:\/\/pyrgoshouse.com\/de\/getting-here\/\" \/>\n<meta property=\"og:locale\" content=\"de_DE\" \/>\n<meta property=\"og:type\" content=\"article\" \/>\n<meta property=\"og:title\" content=\"Anreise - Pyrgos House - Kythira Greece\" \/>\n<meta property=\"og:description\" content=\"Flug, Schiff, Auto: wir informieren Sie gerne \u00fcber die M\u00f6glichkeiten und stellen auf Wunsch eine ausf\u00fchrliche Reiseberatung zusammen.\" \/>\n<meta property=\"og:url\" content=\"https:\/\/pyrgoshouse.com\/de\/getting-here\/\" \/>\n<meta property=\"og:site_name\" content=\"Pyrgos House - Kythira Greece\" \/>\n<meta property=\"article:publisher\" content=\"https:\/\/www.facebook.com\/pyrgoshouse\/\" \/>\n<meta property=\"article:modified_time\" content=\"2025-06-10T14:58:02+00:00\" \/>\n<meta property=\"og:image\" content=\"https:\/\/pyrgoshouse.com\/wp-content\/uploads\/2016\/12\/DSCN0892.jpg\" \/>\n\t<meta property=\"og:image:width\" content=\"1140\" \/>\n\t<meta property=\"og:image:height\" content=\"640\" \/>\n\t<meta property=\"og:image:type\" content=\"image\/jpeg\" \/>\n<meta name=\"twitter:card\" content=\"summary_large_image\" \/>\n<meta name=\"twitter:site\" content=\"@pyrgoshouse\" \/>\n<meta name=\"twitter:label1\" content=\"Gesch\u00e4tzte Lesezeit\" \/>\n\t<meta name=\"twitter:data1\" content=\"2\u00a0Minuten\" \/>\n<script type=\"application\/ld+json\" class=\"yoast-schema-graph\">{\"@context\":\"https:\/\/schema.org\",\"@graph\":[{\"@type\":\"WebPage\",\"@id\":\"https:\/\/pyrgoshouse.com\/de\/getting-here\/\",\"url\":\"https:\/\/pyrgoshouse.com\/de\/getting-here\/\",\"name\":\"Anreise - Pyrgos House - Kythira Greece\",\"isPartOf\":{\"@id\":\"https:\/\/pyrgoshouse.com\/de\/#website\"},\"primaryImageOfPage\":{\"@id\":\"https:\/\/pyrgoshouse.com\/de\/getting-here\/#primaryimage\"},\"image\":{\"@id\":\"https:\/\/pyrgoshouse.com\/getting-here\/#primaryimage\"},\"thumbnailUrl\":\"https:\/\/i0.wp.com\/pyrgoshouse.com\/wp-content\/uploads\/2016\/12\/DSCN0892.jpg?fit=1140%2C640&ssl=1\",\"datePublished\":\"2016-12-12T11:51:54+00:00\",\"dateModified\":\"2025-06-10T14:58:02+00:00\",\"description\":\"Flug, Schiff, Auto: wir informieren Sie gerne \u00fcber die M\u00f6glichkeiten und stellen auf Wunsch eine ausf\u00fchrliche Reiseberatung zusammen.\",\"breadcrumb\":{\"@id\":\"https:\/\/pyrgoshouse.com\/de\/getting-here\/#breadcrumb\"},\"inLanguage\":\"de\",\"potentialAction\":[{\"@type\":\"ReadAction\",\"target\":[[\"https:\/\/pyrgoshouse.com\/de\/getting-here\/\"]]}]},{\"@type\":\"ImageObject\",\"inLanguage\":\"de\",\"@id\":\"https:\/\/pyrgoshouse.com\/de\/getting-here\/#primaryimage\",\"url\":\"https:\/\/i0.wp.com\/pyrgoshouse.com\/wp-content\/uploads\/2016\/12\/DSCN0892.jpg?fit=1140%2C640&ssl=1\",\"contentUrl\":\"https:\/\/i0.wp.com\/pyrgoshouse.com\/wp-content\/uploads\/2016\/12\/DSCN0892.jpg?fit=1140%2C640&ssl=1\",\"width\":1140,\"height\":640},{\"@type\":\"BreadcrumbList\",\"@id\":\"https:\/\/pyrgoshouse.com\/de\/getting-here\/#breadcrumb\",\"itemListElement\":[{\"@type\":\"ListItem\",\"position\":1,\"name\":\"Home\",\"item\":\"https:\/\/pyrgoshouse.com\/de\/\"},{\"@type\":\"ListItem\",\"position\":2,\"name\":\"Getting here\"}]},{\"@type\":\"WebSite\",\"@id\":\"https:\/\/pyrgoshouse.com\/de\/#website\",\"url\":\"https:\/\/pyrgoshouse.com\/de\/\",\"name\":\"Pyrgos House - Kythira Greece\",\"description\":\"Kythera Greece\",\"potentialAction\":[{\"@type\":\"SearchAction\",\"target\":{\"@type\":\"EntryPoint\",\"urlTemplate\":\"https:\/\/pyrgoshouse.com\/de\/?s={search_term_string}\"},\"query-input\":{\"@type\":\"PropertyValueSpecification\",\"valueRequired\":true,\"valueName\":\"search_term_string\"}}],\"inLanguage\":\"de\"}]}<\/script>\n<!-- \/ Yoast SEO plugin. -->","yoast_head_json":{"title":"Anreise - Pyrgos House - Kythira Greece","description":"Flug, Schiff, Auto: wir informieren Sie gerne \u00fcber die M\u00f6glichkeiten und stellen auf Wunsch eine ausf\u00fchrliche Reiseberatung zusammen.","robots":{"index":"index","follow":"follow","max-snippet":"max-snippet:-1","max-image-preview":"max-image-preview:large","max-video-preview":"max-video-preview:-1"},"canonical":"https:\/\/pyrgoshouse.com\/de\/getting-here\/","og_locale":"de_DE","og_type":"article","og_title":"Anreise - Pyrgos House - Kythira Greece","og_description":"Flug, Schiff, Auto: wir informieren Sie gerne \u00fcber die M\u00f6glichkeiten und stellen auf Wunsch eine ausf\u00fchrliche Reiseberatung zusammen.","og_url":"https:\/\/pyrgoshouse.com\/de\/getting-here\/","og_site_name":"Pyrgos House - Kythira Greece","article_publisher":"https:\/\/www.facebook.com\/pyrgoshouse\/","article_modified_time":"2025-06-10T14:58:02+00:00","og_image":[{"width":1140,"height":640,"url":"https:\/\/pyrgoshouse.com\/wp-content\/uploads\/2016\/12\/DSCN0892.jpg","type":"image\/jpeg"}],"twitter_card":"summary_large_image","twitter_site":"@pyrgoshouse","twitter_misc":{"Gesch\u00e4tzte Lesezeit":"2\u00a0Minuten"},"schema":{"@context":"https:\/\/schema.org","@graph":[{"@type":"WebPage","@id":"https:\/\/pyrgoshouse.com\/de\/getting-here\/","url":"https:\/\/pyrgoshouse.com\/de\/getting-here\/","name":"Anreise - Pyrgos House - Kythira Greece","isPartOf":{"@id":"https:\/\/pyrgoshouse.com\/de\/#website"},"primaryImageOfPage":{"@id":"https:\/\/pyrgoshouse.com\/de\/getting-here\/#primaryimage"},"image":{"@id":"https:\/\/pyrgoshouse.com\/getting-here\/#primaryimage"},"thumbnailUrl":"https:\/\/i0.wp.com\/pyrgoshouse.com\/wp-content\/uploads\/2016\/12\/DSCN0892.jpg?fit=1140%2C640&ssl=1","datePublished":"2016-12-12T11:51:54+00:00","dateModified":"2025-06-10T14:58:02+00:00","description":"Flug, Schiff, Auto: wir informieren Sie gerne \u00fcber die M\u00f6glichkeiten und stellen auf Wunsch eine ausf\u00fchrliche Reiseberatung zusammen.","breadcrumb":{"@id":"https:\/\/pyrgoshouse.com\/de\/getting-here\/#breadcrumb"},"inLanguage":"de","potentialAction":[{"@type":"ReadAction","target":[["https:\/\/pyrgoshouse.com\/de\/getting-here\/"]]}]},{"@type":"ImageObject","inLanguage":"de","@id":"https:\/\/pyrgoshouse.com\/de\/getting-here\/#primaryimage","url":"https:\/\/i0.wp.com\/pyrgoshouse.com\/wp-content\/uploads\/2016\/12\/DSCN0892.jpg?fit=1140%2C640&ssl=1","contentUrl":"https:\/\/i0.wp.com\/pyrgoshouse.com\/wp-content\/uploads\/2016\/12\/DSCN0892.jpg?fit=1140%2C640&ssl=1","width":1140,"height":640},{"@type":"BreadcrumbList","@id":"https:\/\/pyrgoshouse.com\/de\/getting-here\/#breadcrumb","itemListElement":[{"@type":"ListItem","position":1,"name":"Home","item":"https:\/\/pyrgoshouse.com\/de\/"},{"@type":"ListItem","position":2,"name":"Getting here"}]},{"@type":"WebSite","@id":"https:\/\/pyrgoshouse.com\/de\/#website","url":"https:\/\/pyrgoshouse.com\/de\/","name":"Pyrgos House - Kythira Greece","description":"Kythera Greece","potentialAction":[{"@type":"SearchAction","target":{"@type":"EntryPoint","urlTemplate":"https:\/\/pyrgoshouse.com\/de\/?s={search_term_string}"},"query-input":{"@type":"PropertyValueSpecification","valueRequired":true,"valueName":"search_term_string"}}],"inLanguage":"de"}]}},"jetpack_sharing_enabled":true,"_links":{"self":[{"href":"https:\/\/pyrgoshouse.com\/de\/wp-json\/wp\/v2\/pages\/5228","targetHints":{"allow":["GET"]}}],"collection":[{"href":"https:\/\/pyrgoshouse.com\/de\/wp-json\/wp\/v2\/pages"}],"about":[{"href":"https:\/\/pyrgoshouse.com\/de\/wp-json\/wp\/v2\/types\/page"}],"author":[{"embeddable":true,"href":"https:\/\/pyrgoshouse.com\/de\/wp-json\/wp\/v2\/users\/1"}],"replies":[{"embeddable":true,"href":"https:\/\/pyrgoshouse.com\/de\/wp-json\/wp\/v2\/comments?post=5228"}],"version-history":[{"count":15,"href":"https:\/\/pyrgoshouse.com\/de\/wp-json\/wp\/v2\/pages\/5228\/revisions"}],"predecessor-version":[{"id":6147,"href":"https:\/\/pyrgoshouse.com\/de\/wp-json\/wp\/v2\/pages\/5228\/revisions\/6147"}],"wp:featuredmedia":[{"embeddable":true,"href":"https:\/\/pyrgoshouse.com\/de\/wp-json\/wp\/v2\/media\/5340"}],"wp:attachment":[{"href":"https:\/\/pyrgoshouse.com\/de\/wp-json\/wp\/v2\/media?parent=5228"}],"curies":[{"name":"wp","href":"https:\/\/api.w.org\/{rel}","templated":true}]}}